{"id":78512,"date":"2025-09-09T10:48:36","date_gmt":"2025-09-09T10:48:36","guid":{"rendered":"https:\/\/tedbernhardtzgroup.com\/atworkcollectionshop\/product\/product\/"},"modified":"2026-04-26T03:17:18","modified_gmt":"2026-04-26T03:17:18","slug":"work-strumpor-wrangler-workwear-8600100fm-8600100fm-8600100fm-8600100fm-8600100fm-8600100fm-8600100fm-8600100fm-8600100fm","status":"publish","type":"product","link":"https:\/\/tedbernhardtzgroup.com\/atworkcollectionshop\/se\/produkt\/work-strumpor-wrangler-workwear-8600100fm-8600100fm-8600100fm-8600100fm-8600100fm-8600100fm-8600100fm-8600100fm-8600100fm\/","title":{"rendered":"Arbetsstrumpor Wrangler Workwear"},"content":{"rendered":"<p><strong>Den h\u00e4r arbetssockan fr\u00e5n Wrangler Workwear \u00e4r utvecklad f\u00f6r att ge st\u00f6d, komfort och slitstyrka under l\u00e5nga arbetsdagar.<\/strong><\/p>\r\n<p>Sockan \u00e4r stickad i en slitstark bomullsblandning med polyamid och elastan, och har en strukturstickad skaftdel som ger stabilitet och st\u00f6d. Den ribbstickade skaften med blockrand i kontrastf\u00e4rg ger b\u00e5de funktion och visuell identitet.<\/p>\r\n<p>Designen \u00e4r framtagen f\u00f6r att ge en tight passform och h\u00e5lla sockan p\u00e5 plats under r\u00f6relse. Gummitryckt logotyp p\u00e5 utsidan. Sockan levereras i 3-pack med pappersetikett.<\/p>\r\n<p>En socka som kombinerar komfort, funktion och h\u00e5llbarhet \u2013 framtagen f\u00f6r ett aktivt arbetsliv.<\/p>","protected":false},"excerpt":{"rendered":"Den h\u00e4r arbetssockan fr\u00e5n Wrangler Workwear \u00e4r utvecklad f\u00f6r att ge st\u00f6d, komfort och slitstyrka under l\u00e5nga arbetsdagar. Sockan \u00e4r stickad i en slitstark bomullsblandning med polyamid och elastan, och har en strukturstickad skaftdel som ger stabilitet och st\u00f6d. Den ribbstickade skaften med blockrand i kontrastf\u00e4rg ger b\u00e5de funktion och visuell identitet. Designen \u00e4r framtagen&#8230;","protected":false},"featured_media":79274,"template":"","meta":[],"product_cat":[35162,5801,5861],"product_tag":[],"acf":[],"lang":"se","translations":{"se":78512,"en":78510},"pll_sync_post":[],"_links":{"self":[{"href":"https:\/\/tedbernhardtzgroup.com\/atworkcollectionshop\/wp-json\/wp\/v2\/product\/78512"}],"collection":[{"href":"https:\/\/tedbernhardtzgroup.com\/atworkcollectionshop\/wp-json\/wp\/v2\/product"}],"about":[{"href":"https:\/\/tedbernhardtzgroup.com\/atworkcollectionshop\/wp-json\/wp\/v2\/types\/product"}],"wp:featuredmedia":[{"embeddable":true,"href":"https:\/\/tedbernhardtzgroup.com\/atworkcollectionshop\/wp-json\/wp\/v2\/media\/79274"}],"wp:attachment":[{"href":"https:\/\/tedbernhardtzgroup.com\/atworkcollectionshop\/wp-json\/wp\/v2\/media?parent=78512"}],"wp:term":[{"taxonomy":"product_cat","embeddable":true,"href":"https:\/\/tedbernhardtzgroup.com\/atworkcollectionshop\/wp-json\/wp\/v2\/product_cat?post=78512"},{"taxonomy":"product_tag","embeddable":true,"href":"https:\/\/tedbernhardtzgroup.com\/atworkcollectionshop\/wp-json\/wp\/v2\/product_tag?post=78512"}],"curies":[{"name":"wp","href":"https:\/\/api.w.org\/{rel}","templated":true}]}}