{"id":78441,"date":"2025-09-09T10:48:21","date_gmt":"2025-09-09T10:48:21","guid":{"rendered":"https:\/\/tedbernhardtzgroup.com\/atworkcollectionshop\/product\/product\/"},"modified":"2026-04-30T03:16:39","modified_gmt":"2026-04-30T03:16:39","slug":"stickad-mossa-wrangler-workwear-8600091da-8600091da-8600091da-8600091da-8600091da-8600091da-8600091da-8600091da-8600091da-8600091da","status":"publish","type":"product","link":"https:\/\/tedbernhardtzgroup.com\/atworkcollectionshop\/se\/produkt\/stickad-mossa-wrangler-workwear-8600091da-8600091da-8600091da-8600091da-8600091da-8600091da-8600091da-8600091da-8600091da-8600091da\/","title":{"rendered":"Stickad m\u00f6ssa Wrangler Workwear"},"content":{"rendered":"<p><strong>Den h\u00e4r klassiska stickade m\u00f6ssan fr\u00e5n Wrangler Workwear \u00e4r ett t\u00e5ligt och v\u00e4rmande plagg med enkel design och robust konstruktion.<\/strong><\/p>\r\n<p>M\u00f6ssan \u00e4r tillverkad i slitstark akryl med plain knit-struktur som ger b\u00e5de v\u00e4rme och form. Den rundade formen med sydda s\u00f6mmar upptill ger en bekv\u00e4m passform, och den vikbara kanten g\u00f6r att m\u00f6ssan sitter stabilt.<\/p>\r\n<p>Designen \u00e4r inspirerad av klassiska workwear-modeller och har en v\u00e4vd logoetikett framtill. En unisex-modell som fungerar lika bra p\u00e5 arbetsplatsen som till vardags.<\/p>","protected":false},"excerpt":{"rendered":"Den h\u00e4r klassiska stickade m\u00f6ssan fr\u00e5n Wrangler Workwear \u00e4r ett t\u00e5ligt och v\u00e4rmande plagg med enkel design och robust konstruktion. M\u00f6ssan \u00e4r tillverkad i slitstark akryl med plain knit-struktur som ger b\u00e5de v\u00e4rme och form. Den rundade formen med sydda s\u00f6mmar upptill ger en bekv\u00e4m passform, och den vikbara kanten g\u00f6r att m\u00f6ssan sitter stabilt&#8230;.","protected":false},"featured_media":79264,"template":"","meta":[],"product_cat":[35377,35162,5801],"product_tag":[],"acf":[],"lang":"se","translations":{"se":78441,"en":78439},"pll_sync_post":[],"_links":{"self":[{"href":"https:\/\/tedbernhardtzgroup.com\/atworkcollectionshop\/wp-json\/wp\/v2\/product\/78441"}],"collection":[{"href":"https:\/\/tedbernhardtzgroup.com\/atworkcollectionshop\/wp-json\/wp\/v2\/product"}],"about":[{"href":"https:\/\/tedbernhardtzgroup.com\/atworkcollectionshop\/wp-json\/wp\/v2\/types\/product"}],"wp:featuredmedia":[{"embeddable":true,"href":"https:\/\/tedbernhardtzgroup.com\/atworkcollectionshop\/wp-json\/wp\/v2\/media\/79264"}],"wp:attachment":[{"href":"https:\/\/tedbernhardtzgroup.com\/atworkcollectionshop\/wp-json\/wp\/v2\/media?parent=78441"}],"wp:term":[{"taxonomy":"product_cat","embeddable":true,"href":"https:\/\/tedbernhardtzgroup.com\/atworkcollectionshop\/wp-json\/wp\/v2\/product_cat?post=78441"},{"taxonomy":"product_tag","embeddable":true,"href":"https:\/\/tedbernhardtzgroup.com\/atworkcollectionshop\/wp-json\/wp\/v2\/product_tag?post=78441"}],"curies":[{"name":"wp","href":"https:\/\/api.w.org\/{rel}","templated":true}]}}