{"id":78428,"date":"2025-09-09T10:48:18","date_gmt":"2025-09-09T10:48:18","guid":{"rendered":"https:\/\/tedbernhardtzgroup.com\/atworkcollectionshop\/product\/product\/"},"modified":"2026-04-09T03:17:46","modified_gmt":"2026-04-09T03:17:46","slug":"ribbstickad-mossa-wrangler-workwear-8600090fg-8600090fg-8600090fg-8600090fg-8600090fg-8600090fg-8600090fg-8600090fg","status":"publish","type":"product","link":"https:\/\/tedbernhardtzgroup.com\/atworkcollectionshop\/se\/produkt\/ribbstickad-mossa-wrangler-workwear-8600090fg-8600090fg-8600090fg-8600090fg-8600090fg-8600090fg-8600090fg-8600090fg\/","title":{"rendered":"Ribbstickad m\u00f6ssa Wrangler Workwear"},"content":{"rendered":"<p><strong>Den h\u00e4r mjuka och stretchiga m\u00f6ssan fr\u00e5n Wrangler Workwear \u00e4r ett bekv\u00e4mt och stilrent val f\u00f6r kalla arbetsdagar.<\/strong><\/p>\r\n<p>M\u00f6ssan \u00e4r tillverkad i ribbstickad bomullsblandning med elastan vilket ger\u00a0 b\u00e5de v\u00e4rme och formbest\u00e4ndighet. Den klassiska passformen med vikbar kant g\u00f6r att den sitter bekv\u00e4mt och skyddar effektivt mot kyla.<\/p>\r\n<p>Designen \u00e4r enkel och funktionell med en v\u00e4vd logoetikett framtill. En unisex-modell som passar lika bra p\u00e5 jobbet som till vardags \u2013 framtagen f\u00f6r komfort och h\u00e5llbarhet.<\/p>","protected":false},"excerpt":{"rendered":"Den h\u00e4r mjuka och stretchiga m\u00f6ssan fr\u00e5n Wrangler Workwear \u00e4r ett bekv\u00e4mt och stilrent val f\u00f6r kalla arbetsdagar. M\u00f6ssan \u00e4r tillverkad i ribbstickad bomullsblandning med elastan vilket ger\u00a0 b\u00e5de v\u00e4rme och formbest\u00e4ndighet. Den klassiska passformen med vikbar kant g\u00f6r att den sitter bekv\u00e4mt och skyddar effektivt mot kyla. Designen \u00e4r enkel och funktionell med en&#8230;","protected":false},"featured_media":79262,"template":"","meta":[],"product_cat":[35377,35162,5801],"product_tag":[],"acf":[],"lang":"se","translations":{"se":78428,"en":78425},"pll_sync_post":[],"_links":{"self":[{"href":"https:\/\/tedbernhardtzgroup.com\/atworkcollectionshop\/wp-json\/wp\/v2\/product\/78428"}],"collection":[{"href":"https:\/\/tedbernhardtzgroup.com\/atworkcollectionshop\/wp-json\/wp\/v2\/product"}],"about":[{"href":"https:\/\/tedbernhardtzgroup.com\/atworkcollectionshop\/wp-json\/wp\/v2\/types\/product"}],"wp:featuredmedia":[{"embeddable":true,"href":"https:\/\/tedbernhardtzgroup.com\/atworkcollectionshop\/wp-json\/wp\/v2\/media\/79262"}],"wp:attachment":[{"href":"https:\/\/tedbernhardtzgroup.com\/atworkcollectionshop\/wp-json\/wp\/v2\/media?parent=78428"}],"wp:term":[{"taxonomy":"product_cat","embeddable":true,"href":"https:\/\/tedbernhardtzgroup.com\/atworkcollectionshop\/wp-json\/wp\/v2\/product_cat?post=78428"},{"taxonomy":"product_tag","embeddable":true,"href":"https:\/\/tedbernhardtzgroup.com\/atworkcollectionshop\/wp-json\/wp\/v2\/product_tag?post=78428"}],"curies":[{"name":"wp","href":"https:\/\/api.w.org\/{rel}","templated":true}]}}