{"id":78377,"date":"2025-09-09T10:48:06","date_gmt":"2025-09-09T10:48:06","guid":{"rendered":"https:\/\/tedbernhardtzgroup.com\/atworkcollectionshop\/product\/product-2\/"},"modified":"2026-04-30T03:16:37","modified_gmt":"2026-04-30T03:16:37","slug":"keps-twill-wrangler-workwear-8600089ew-8600089ew-8600089ew-8600089ew-8600089ew-8600089ew-8600089ew-8600089ew-8600089ew","status":"publish","type":"product","link":"https:\/\/tedbernhardtzgroup.com\/atworkcollectionshop\/se\/produkt\/keps-twill-wrangler-workwear-8600089ew-8600089ew-8600089ew-8600089ew-8600089ew-8600089ew-8600089ew-8600089ew-8600089ew\/","title":{"rendered":"Keps Twill Wrangler Workwear"},"content":{"rendered":"<p><strong>Den h\u00e4r klassiska kepsen fr\u00e5n Wrangler Workwear \u00e4r designad f\u00f6r att ge komfort, h\u00e5llbarhet och en stilren look \u2013 ett funktionellt tillbeh\u00f6r f\u00f6r b\u00e5de arbete och vardag.<\/strong><\/p>\r\n<p>Kepsen \u00e4r tillverkad i kraftig bomullstwill som ger struktur och slitstyrka, samtidigt som den beh\u00e5ller en mjuk k\u00e4nsla. 6-panelskonstruktionen med broderade ventilationsh\u00e5l ger god luftcirkulation och en stabil passform som h\u00e5ller formen \u00f6ver tid.<\/p>\r\n<p>Framsidan \u00e4r f\u00f6rst\u00e4rkt med topstitchade s\u00f6mmar f\u00f6r extra h\u00e5llbarhet och en tydlig workwear-k\u00e4nsla. Baktill finns en justerbar plastsp\u00e4nne som g\u00f6r det enkelt att anpassa passformen. Kepsen har en v\u00e4vd logoetikett.\u00a0<\/p>\r\n<p>En keps som kombinerar komfort, funktion och h\u00e5llbarhet \u2013 framtagen f\u00f6r ett aktivt arbetsliv.<\/p>","protected":false},"excerpt":{"rendered":"Den h\u00e4r klassiska kepsen fr\u00e5n Wrangler Workwear \u00e4r designad f\u00f6r att ge komfort, h\u00e5llbarhet och en stilren look \u2013 ett funktionellt tillbeh\u00f6r f\u00f6r b\u00e5de arbete och vardag. Kepsen \u00e4r tillverkad i kraftig bomullstwill som ger struktur och slitstyrka, samtidigt som den beh\u00e5ller en mjuk k\u00e4nsla. 6-panelskonstruktionen med broderade ventilationsh\u00e5l ger god luftcirkulation och en stabil&#8230;","protected":false},"featured_media":80368,"template":"","meta":[],"product_cat":[35381,35162,5801],"product_tag":[],"acf":[],"lang":"se","translations":{"se":78377,"en":78373},"pll_sync_post":[],"_links":{"self":[{"href":"https:\/\/tedbernhardtzgroup.com\/atworkcollectionshop\/wp-json\/wp\/v2\/product\/78377"}],"collection":[{"href":"https:\/\/tedbernhardtzgroup.com\/atworkcollectionshop\/wp-json\/wp\/v2\/product"}],"about":[{"href":"https:\/\/tedbernhardtzgroup.com\/atworkcollectionshop\/wp-json\/wp\/v2\/types\/product"}],"wp:featuredmedia":[{"embeddable":true,"href":"https:\/\/tedbernhardtzgroup.com\/atworkcollectionshop\/wp-json\/wp\/v2\/media\/80368"}],"wp:attachment":[{"href":"https:\/\/tedbernhardtzgroup.com\/atworkcollectionshop\/wp-json\/wp\/v2\/media?parent=78377"}],"wp:term":[{"taxonomy":"product_cat","embeddable":true,"href":"https:\/\/tedbernhardtzgroup.com\/atworkcollectionshop\/wp-json\/wp\/v2\/product_cat?post=78377"},{"taxonomy":"product_tag","embeddable":true,"href":"https:\/\/tedbernhardtzgroup.com\/atworkcollectionshop\/wp-json\/wp\/v2\/product_tag?post=78377"}],"curies":[{"name":"wp","href":"https:\/\/api.w.org\/{rel}","templated":true}]}}