{"id":78260,"date":"2025-09-09T10:47:40","date_gmt":"2025-09-09T10:47:40","guid":{"rendered":"https:\/\/tedbernhardtzgroup.com\/atworkcollectionshop\/product\/product-3\/"},"modified":"2026-04-09T20:46:23","modified_gmt":"2026-04-09T20:46:23","slug":"regnbyxa-herr-wrangler-workwear-8600087da-8600087da-8600087da-8600087da-8600087da-8600087da","status":"publish","type":"product","link":"https:\/\/tedbernhardtzgroup.com\/atworkcollectionshop\/se\/produkt\/regnbyxa-herr-wrangler-workwear-8600087da-8600087da-8600087da-8600087da-8600087da-8600087da\/","title":{"rendered":"Regnbyxa Wrangler Workwear"},"content":{"rendered":"<p data-start=\"36\" data-end=\"237\"><strong>Den h\u00e4r vattent\u00e4ta regnbyxan med ventilerande meshfoder fr\u00e5n Wrangler Workwear \u00e4r utvecklad i ett slitstarkt, v\u00e4dert\u00e5ligt material som ger p\u00e5litligt skydd och l\u00e5ngvarig komfort i kr\u00e4vande utomhusmilj\u00f6er.<\/strong><\/p>\r\n<p data-start=\"239\" data-end=\"666\">Regnbyxan kombinerar h\u00e5llbart vattent\u00e4tt skydd med l\u00e4tt andningsf\u00f6rm\u00e5ga f\u00f6r att h\u00e5lla dig bekv\u00e4m i skiftande v\u00e4derf\u00f6rh\u00e5llanden. Tillverkad av helt vind- och vattent\u00e4ta material med fullt tejpade s\u00f6mmar ger byxan ett s\u00e4kert skydd mot regn och tufft v\u00e4der. Meshfodret bidrar med ventilation och hj\u00e4lper till att reglera kroppstemperaturen, vilket g\u00f6r den l\u00e4mplig f\u00f6r aktiva arbetsdagar eller of\u00f6ruts\u00e4gbart klimat.<\/p>\r\n<p data-start=\"1070\" data-end=\"1271\" data-is-last-node=\"\" data-is-only-node=\"\">Den flexibla res\u00e5rmidjan med dragsko och de dolda sidofickorna med dragkedja g\u00f6r denna byxa praktisk och redo f\u00f6r arbete. Reflekterande detaljer p\u00e5 logotypen \u00f6kar synligheten i milj\u00f6er med svagt ljus.<\/p>\r\n<p data-start=\"1070\" data-end=\"1271\" data-is-last-node=\"\" data-is-only-node=\"\">En produkt med \u00e5tervunnet certifierade fibrer \u00e4r ett ansvarsfullt val f\u00f6r dig som s\u00f6ker funktion, komfort och h\u00e5llbarhet \u2013 s\u00e4song efter s\u00e4song.<\/p>","protected":false},"excerpt":{"rendered":"Den h\u00e4r vattent\u00e4ta regnbyxan med ventilerande meshfoder fr\u00e5n Wrangler Workwear \u00e4r utvecklad i ett slitstarkt, v\u00e4dert\u00e5ligt material som ger p\u00e5litligt skydd och l\u00e5ngvarig komfort i kr\u00e4vande utomhusmilj\u00f6er. Regnbyxan kombinerar h\u00e5llbart vattent\u00e4tt skydd med l\u00e4tt andningsf\u00f6rm\u00e5ga f\u00f6r att h\u00e5lla dig bekv\u00e4m i skiftande v\u00e4derf\u00f6rh\u00e5llanden. Tillverkad av helt vind- och vattent\u00e4ta material med fullt tejpade s\u00f6mmar ger&#8230;","protected":false},"featured_media":79210,"template":"","meta":[],"product_cat":[35162,2635],"product_tag":[],"acf":[],"lang":"se","translations":{"se":78260,"en":78256},"pll_sync_post":[],"_links":{"self":[{"href":"https:\/\/tedbernhardtzgroup.com\/atworkcollectionshop\/wp-json\/wp\/v2\/product\/78260"}],"collection":[{"href":"https:\/\/tedbernhardtzgroup.com\/atworkcollectionshop\/wp-json\/wp\/v2\/product"}],"about":[{"href":"https:\/\/tedbernhardtzgroup.com\/atworkcollectionshop\/wp-json\/wp\/v2\/types\/product"}],"wp:featuredmedia":[{"embeddable":true,"href":"https:\/\/tedbernhardtzgroup.com\/atworkcollectionshop\/wp-json\/wp\/v2\/media\/79210"}],"wp:attachment":[{"href":"https:\/\/tedbernhardtzgroup.com\/atworkcollectionshop\/wp-json\/wp\/v2\/media?parent=78260"}],"wp:term":[{"taxonomy":"product_cat","embeddable":true,"href":"https:\/\/tedbernhardtzgroup.com\/atworkcollectionshop\/wp-json\/wp\/v2\/product_cat?post=78260"},{"taxonomy":"product_tag","embeddable":true,"href":"https:\/\/tedbernhardtzgroup.com\/atworkcollectionshop\/wp-json\/wp\/v2\/product_tag?post=78260"}],"curies":[{"name":"wp","href":"https:\/\/api.w.org\/{rel}","templated":true}]}}