{"id":78208,"date":"2025-09-09T10:47:30","date_gmt":"2025-09-09T10:47:30","guid":{"rendered":"https:\/\/tedbernhardtzgroup.com\/atworkcollectionshop\/product\/product-4\/"},"modified":"2026-04-15T03:15:38","modified_gmt":"2026-04-15T03:15:38","slug":"regnjacka-herr-wrangler-workwear-8600086da-8600086da-8600086da-8600086da-8600086da-8600086da-8600086da-8600086da-8600086da-8600086da-8600086da","status":"publish","type":"product","link":"https:\/\/tedbernhardtzgroup.com\/atworkcollectionshop\/se\/produkt\/regnjacka-herr-wrangler-workwear-8600086da-8600086da-8600086da-8600086da-8600086da-8600086da-8600086da-8600086da-8600086da-8600086da-8600086da\/","title":{"rendered":"Regnjacka Wrangler Workwear"},"content":{"rendered":"<p data-start=\"36\" data-end=\"237\"><strong>Den h\u00e4r vattent\u00e4ta regnjackan med ventilerande meshfoder fr\u00e5n Wrangler Workwear \u00e4r utvecklad i ett slitstarkt, v\u00e4dert\u00e5ligt material som ger p\u00e5litligt skydd och l\u00e5ngvarig komfort i kr\u00e4vande utomhusmilj\u00f6er.<\/strong><\/p>\r\n<p data-start=\"239\" data-end=\"666\">Regnjackan kombinerar h\u00e5llbart vattent\u00e4tt skydd med l\u00e4tt andningsf\u00f6rm\u00e5ga f\u00f6r att h\u00e5lla dig bekv\u00e4m i skiftande v\u00e4derf\u00f6rh\u00e5llanden. Tillverkad av helt vind- och vattent\u00e4ta material med fullt tejpade s\u00f6mmar ger jackan ett s\u00e4kert skydd mot regn och tufft v\u00e4der. Meshfodret bidrar med ventilation och hj\u00e4lper till att reglera kroppstemperaturen, vilket g\u00f6r den l\u00e4mplig f\u00f6r aktiva arbetsdagar eller of\u00f6ruts\u00e4gbart klimat.<\/p>\r\n<p data-start=\"668\" data-end=\"880\">Den ergonomiska konstruktionen med f\u00f6rb\u00f6jda \u00e4rmar och justerbar huva ger en passform som f\u00f6ljer dina r\u00f6relser utan att begr\u00e4nsa dem. Den f\u00f6rl\u00e4ngda ryggen och justerbara muddarna ger extra t\u00e4ckning n\u00e4r det beh\u00f6vs.<\/p>\r\n<p data-start=\"882\" data-end=\"1068\">Ventilation i ryggoket med mesh p\u00e5 insidan ger f\u00f6rb\u00e4ttrat luftfl\u00f6de. \u00d6ppningen \u00e4r f\u00f6rst\u00e4rkt med bartacks, okets s\u00f6m \u00e4r tejpad och konstruktionen \u00e4r svetsad f\u00f6r \u00f6kad h\u00e5llbarhet och skydd.<\/p>\r\n<p data-start=\"1070\" data-end=\"1271\" data-is-last-node=\"\" data-is-only-node=\"\">Den vattent\u00e4ta tv\u00e5v\u00e4gsdragkedjan framtill och de dolda sidofickorna med lock g\u00f6r denna jacka praktisk och redo f\u00f6r arbete. Reflekterande detaljer p\u00e5 logotypen \u00f6kar synligheten i milj\u00f6er med svagt ljus.<\/p>\r\n<p data-start=\"1070\" data-end=\"1271\" data-is-last-node=\"\" data-is-only-node=\"\">En produkt med \u00e5tervunnet certifierade fibrer \u00e4r ett ansvarsfullt val f\u00f6r dig som s\u00f6ker funktion, komfort och h\u00e5llbarhet \u2013 s\u00e4song efter s\u00e4song.<\/p>","protected":false},"excerpt":{"rendered":"Den h\u00e4r vattent\u00e4ta regnjackan med ventilerande meshfoder fr\u00e5n Wrangler Workwear \u00e4r utvecklad i ett slitstarkt, v\u00e4dert\u00e5ligt material som ger p\u00e5litligt skydd och l\u00e5ngvarig komfort i kr\u00e4vande utomhusmilj\u00f6er. Regnjackan kombinerar h\u00e5llbart vattent\u00e4tt skydd med l\u00e4tt andningsf\u00f6rm\u00e5ga f\u00f6r att h\u00e5lla dig bekv\u00e4m i skiftande v\u00e4derf\u00f6rh\u00e5llanden. Tillverkad av helt vind- och vattent\u00e4ta material med fullt tejpade s\u00f6mmar ger&#8230;","protected":false},"featured_media":79945,"template":"","meta":[],"product_cat":[35162,2635],"product_tag":[],"acf":[],"lang":"se","translations":{"se":78208,"en":78203},"pll_sync_post":[],"_links":{"self":[{"href":"https:\/\/tedbernhardtzgroup.com\/atworkcollectionshop\/wp-json\/wp\/v2\/product\/78208"}],"collection":[{"href":"https:\/\/tedbernhardtzgroup.com\/atworkcollectionshop\/wp-json\/wp\/v2\/product"}],"about":[{"href":"https:\/\/tedbernhardtzgroup.com\/atworkcollectionshop\/wp-json\/wp\/v2\/types\/product"}],"wp:featuredmedia":[{"embeddable":true,"href":"https:\/\/tedbernhardtzgroup.com\/atworkcollectionshop\/wp-json\/wp\/v2\/media\/79945"}],"wp:attachment":[{"href":"https:\/\/tedbernhardtzgroup.com\/atworkcollectionshop\/wp-json\/wp\/v2\/media?parent=78208"}],"wp:term":[{"taxonomy":"product_cat","embeddable":true,"href":"https:\/\/tedbernhardtzgroup.com\/atworkcollectionshop\/wp-json\/wp\/v2\/product_cat?post=78208"},{"taxonomy":"product_tag","embeddable":true,"href":"https:\/\/tedbernhardtzgroup.com\/atworkcollectionshop\/wp-json\/wp\/v2\/product_tag?post=78208"}],"curies":[{"name":"wp","href":"https:\/\/api.w.org\/{rel}","templated":true}]}}