{"id":77547,"date":"2025-09-09T10:45:39","date_gmt":"2025-09-09T10:45:39","guid":{"rendered":"https:\/\/tedbernhardtzgroup.com\/atworkcollectionshop\/product\/product-2\/"},"modified":"2026-04-09T20:46:19","modified_gmt":"2026-04-09T20:46:19","slug":"servicebyxa-twill-herr-wrangler-workwear-8600060dd-8600060dd-8600060dd-8600060dd-8600060dd-8600060dd-8600060dd-8600060dd-8600060dd-8600060dd","status":"publish","type":"product","link":"https:\/\/tedbernhardtzgroup.com\/atworkcollectionshop\/se\/produkt\/servicebyxa-twill-herr-wrangler-workwear-8600060dd-8600060dd-8600060dd-8600060dd-8600060dd-8600060dd-8600060dd-8600060dd-8600060dd-8600060dd\/","title":{"rendered":"Servicebyxa Twill Herr Wrangler Workwear"},"content":{"rendered":"<p><b>Dessa servicebyxor i bekv\u00e4m slitstark bomull\/polyester twill<\/b><b> med stretch ifr\u00e5n Wrangler Workwear \u2013 \u00e4r utvecklade f\u00f6r att passa b\u00e5de p\u00e5 jobbet och till vardags f\u00f6r herr och dam.\u00a0<\/b><br \/>\u00a0<br \/>Modellen har medelh\u00f6g midja och en flexibel linning med justerbara sp\u00e4nnen p\u00e5 sidorna som ger \u00f6kad r\u00f6relsefrihet. Byxan har rymliga sidofickor fram och backfickor med lock och logoknapp.\u00a0<\/p>\r\n<p><span class=\"TextRun MacChromeBold SCXW244038496 BCX0\" data-contrast=\"auto\"><span class=\"NormalTextRun SCXW244038496 BCX0\">En p<\/span><span class=\"NormalTextRun SCXW244038496 BCX0\">rodukt som<\/span><\/span><span class=\"TextRun MacChromeBold SCXW244038496 BCX0\" data-contrast=\"auto\"><span class=\"NormalTextRun SCXW244038496 BCX0\"> <\/span><span class=\"NormalTextRun SCXW244038496 BCX0\">inneh\u00e5ller \u00e5tervunna certifierade fibrer <\/span><span class=\"NormalTextRun SCXW244038496 BCX0\">inneb\u00e4r att den uppfyller h\u00f6ga krav p\u00e5 milj\u00f6 och h\u00e4lsa genom hela tillverkningskedjan.<\/span><\/span><span class=\"LineBreakBlob BlobObject DragDrop SCXW244038496 BCX0\"><span class=\"SCXW244038496 BCX0\">\u00a0<\/span><\/span><\/p>\r\n<p>&nbsp;<\/p>","protected":false},"excerpt":{"rendered":"Dessa servicebyxor i bekv\u00e4m slitstark bomull\/polyester twill med stretch ifr\u00e5n Wrangler Workwear \u2013 \u00e4r utvecklade f\u00f6r att passa b\u00e5de p\u00e5 jobbet och till vardags f\u00f6r herr och dam.\u00a0\u00a0Modellen har medelh\u00f6g midja och en flexibel linning med justerbara sp\u00e4nnen p\u00e5 sidorna som ger \u00f6kad r\u00f6relsefrihet. Byxan har rymliga sidofickor fram och backfickor med lock och logoknapp.\u00a0&#8230;","protected":false},"featured_media":79276,"template":"","meta":[],"product_cat":[35162,3870,6678],"product_tag":[],"acf":[],"lang":"se","translations":{"se":77547,"en":77545},"pll_sync_post":[],"_links":{"self":[{"href":"https:\/\/tedbernhardtzgroup.com\/atworkcollectionshop\/wp-json\/wp\/v2\/product\/77547"}],"collection":[{"href":"https:\/\/tedbernhardtzgroup.com\/atworkcollectionshop\/wp-json\/wp\/v2\/product"}],"about":[{"href":"https:\/\/tedbernhardtzgroup.com\/atworkcollectionshop\/wp-json\/wp\/v2\/types\/product"}],"wp:featuredmedia":[{"embeddable":true,"href":"https:\/\/tedbernhardtzgroup.com\/atworkcollectionshop\/wp-json\/wp\/v2\/media\/79276"}],"wp:attachment":[{"href":"https:\/\/tedbernhardtzgroup.com\/atworkcollectionshop\/wp-json\/wp\/v2\/media?parent=77547"}],"wp:term":[{"taxonomy":"product_cat","embeddable":true,"href":"https:\/\/tedbernhardtzgroup.com\/atworkcollectionshop\/wp-json\/wp\/v2\/product_cat?post=77547"},{"taxonomy":"product_tag","embeddable":true,"href":"https:\/\/tedbernhardtzgroup.com\/atworkcollectionshop\/wp-json\/wp\/v2\/product_tag?post=77547"}],"curies":[{"name":"wp","href":"https:\/\/api.w.org\/{rel}","templated":true}]}}