{"id":73738,"date":"2025-09-09T10:26:31","date_gmt":"2025-09-09T10:26:31","guid":{"rendered":"https:\/\/tedbernhardtzgroup.com\/atworkcollectionshop\/product\/product\/"},"modified":"2026-04-09T20:45:48","modified_gmt":"2026-04-09T20:45:48","slug":"t-shirt-classic-k-arm-herr-wrangler-workwear-8600040da-8600040da-8600040da-8600040da-8600040da-8600040da-8600040da-8600040da-8600040da-8600040da-8600040da-8600040da","status":"publish","type":"product","link":"https:\/\/tedbernhardtzgroup.com\/atworkcollectionshop\/se\/produkt\/t-shirt-classic-k-arm-herr-wrangler-workwear-8600040da-8600040da-8600040da-8600040da-8600040da-8600040da-8600040da-8600040da-8600040da-8600040da-8600040da-8600040da\/","title":{"rendered":"T-shirt Classic k.\u00e4rm Herr Wrangler Workwear"},"content":{"rendered":"<p><b>Den h\u00e4r t-shirten \u00e4r designad f\u00f6r att klara arbetsdagens krav- med en perfekt balans mellan komfort och slitstyrka.<\/b><\/p>\r\n<p>Tillverkad i en mjuk och h\u00e5llbar mix av 60 % OCS certifierad ekologisk bomull och 40 % RCS certifierad \u00e5tervunnen polyester, ger den en behaglig k\u00e4nsla mot huden samtidigt som den t\u00e5l daglig anv\u00e4ndning och upprepade tv\u00e4ttar. Med sin 180 g\/m2-kvalitet har tyget en stabil och f\u00f6ljsam k\u00e4nsla som passar b\u00e5de som lager-1 under kyligare dagar till v\u00e4rmande plagg, och som enskilt plagg under varmare dagar.\u00a0<\/p>\r\n<p>T-shirten \u00e4r designad med en bekv\u00e4m passform f\u00f6r smidigare r\u00f6relsefrihet, ett mindre Wrangler Workwear logotryck p\u00e5 \u00f6vre \u00e4rmdel samt ett st\u00f6rre Wrangler Workwear logotryck bak p\u00e5 ryggen. P\u00e5 insidan vid nacken \u00e4r det ett mjukt band fastsytt f\u00f6r att skydda huden mot skav ifr\u00e5n s\u00f6mmar.\u00a0<\/p>\r\n<p>Resultatet \u00e4r en ansvarsfullt producerad t-shirt som kombinerar komfort, h\u00e5llbarhet och funktion \u2013 framtagen f\u00f6r ett aktivt arbetsliv.<\/p>","protected":false},"excerpt":{"rendered":"Den h\u00e4r t-shirten \u00e4r designad f\u00f6r att klara arbetsdagens krav- med en perfekt balans mellan komfort och slitstyrka. Tillverkad i en mjuk och h\u00e5llbar mix av 60 % OCS certifierad ekologisk bomull och 40 % RCS certifierad \u00e5tervunnen polyester, ger den en behaglig k\u00e4nsla mot huden samtidigt som den t\u00e5l daglig anv\u00e4ndning och upprepade tv\u00e4ttar&#8230;.","protected":false},"featured_media":79165,"template":"","meta":[],"product_cat":[35375,35162],"product_tag":[],"acf":[],"lang":"se","translations":{"se":73738,"en":73737},"pll_sync_post":[],"_links":{"self":[{"href":"https:\/\/tedbernhardtzgroup.com\/atworkcollectionshop\/wp-json\/wp\/v2\/product\/73738"}],"collection":[{"href":"https:\/\/tedbernhardtzgroup.com\/atworkcollectionshop\/wp-json\/wp\/v2\/product"}],"about":[{"href":"https:\/\/tedbernhardtzgroup.com\/atworkcollectionshop\/wp-json\/wp\/v2\/types\/product"}],"wp:featuredmedia":[{"embeddable":true,"href":"https:\/\/tedbernhardtzgroup.com\/atworkcollectionshop\/wp-json\/wp\/v2\/media\/79165"}],"wp:attachment":[{"href":"https:\/\/tedbernhardtzgroup.com\/atworkcollectionshop\/wp-json\/wp\/v2\/media?parent=73738"}],"wp:term":[{"taxonomy":"product_cat","embeddable":true,"href":"https:\/\/tedbernhardtzgroup.com\/atworkcollectionshop\/wp-json\/wp\/v2\/product_cat?post=73738"},{"taxonomy":"product_tag","embeddable":true,"href":"https:\/\/tedbernhardtzgroup.com\/atworkcollectionshop\/wp-json\/wp\/v2\/product_tag?post=73738"}],"curies":[{"name":"wp","href":"https:\/\/api.w.org\/{rel}","templated":true}]}}