{"id":73706,"date":"2025-09-09T10:26:12","date_gmt":"2025-09-09T10:26:12","guid":{"rendered":"https:\/\/tedbernhardtzgroup.com\/atworkcollectionshop\/product\/product\/"},"modified":"2026-04-15T03:15:03","modified_gmt":"2026-04-15T03:15:03","slug":"t-shirt-front-herr-wrangler-workwear-8600037dq-8600037dq-8600037dq-8600037dq-8600037dq-8600037dq-8600037dq-8600037dq-8600037dq-8600037dq","status":"publish","type":"product","link":"https:\/\/tedbernhardtzgroup.com\/atworkcollectionshop\/se\/produkt\/t-shirt-front-herr-wrangler-workwear-8600037dq-8600037dq-8600037dq-8600037dq-8600037dq-8600037dq-8600037dq-8600037dq-8600037dq-8600037dq\/","title":{"rendered":"T-shirt Front Herr Wrangler Workwear"},"content":{"rendered":"<p><strong>Den h\u00e4r t-shirten med grafisk frontprint \u00e4r designad f\u00f6r att ge komfort och slitstyrka under aktiva arbetsdagar \u2013 med en modern passform och h\u00e5llbara material.<\/strong><\/p>\r\n<p>Tillverkad i en mjuk och h\u00e5llbar mix av 60 % ekologisk bomull (OCS) och 40 % \u00e5tervunnen polyester (RCS), ger den en behaglig k\u00e4nsla mot huden samtidigt som den t\u00e5l daglig anv\u00e4ndning och upprepade tv\u00e4ttar. Med sin 180 g\/m2-kvalitet har tyget en stabil och f\u00f6ljsam k\u00e4nsla som passar b\u00e5de som lager-1 under kyligare dagar till v\u00e4rmande plagg, och som enskilt plagg under varmare dagar.\u00a0<\/p>\r\n<p>T-shirten \u00e4r designad med en bekv\u00e4m passform f\u00f6r smidigare r\u00f6relsefrihet, en mindre Wrangler Workwear logoetikett vid sids\u00f6mmen samt ett st\u00f6rre Wrangler Workwear logotryck fram p\u00e5 br\u00f6stet. P\u00e5 insidan vid nacken \u00e4r det ett mjukt band fastsytt f\u00f6r att skydda huden mot skav ifr\u00e5n s\u00f6mmar.\u00a0<\/p>\r\n<p>Resultatet \u00e4r en ansvarsfullt producerad t-shirt som kombinerar komfort, h\u00e5llbarhet och funktion \u2013 framtagen f\u00f6r ett aktivt arbetsliv.<\/p>","protected":false},"excerpt":{"rendered":"Den h\u00e4r t-shirten med grafisk frontprint \u00e4r designad f\u00f6r att ge komfort och slitstyrka under aktiva arbetsdagar \u2013 med en modern passform och h\u00e5llbara material. Tillverkad i en mjuk och h\u00e5llbar mix av 60 % ekologisk bomull (OCS) och 40 % \u00e5tervunnen polyester (RCS), ger den en behaglig k\u00e4nsla mot huden samtidigt som den t\u00e5l&#8230;","protected":false},"featured_media":79153,"template":"","meta":[],"product_cat":[35375,35162],"product_tag":[],"acf":[],"lang":"se","translations":{"se":73706,"en":73705},"pll_sync_post":[],"_links":{"self":[{"href":"https:\/\/tedbernhardtzgroup.com\/atworkcollectionshop\/wp-json\/wp\/v2\/product\/73706"}],"collection":[{"href":"https:\/\/tedbernhardtzgroup.com\/atworkcollectionshop\/wp-json\/wp\/v2\/product"}],"about":[{"href":"https:\/\/tedbernhardtzgroup.com\/atworkcollectionshop\/wp-json\/wp\/v2\/types\/product"}],"wp:featuredmedia":[{"embeddable":true,"href":"https:\/\/tedbernhardtzgroup.com\/atworkcollectionshop\/wp-json\/wp\/v2\/media\/79153"}],"wp:attachment":[{"href":"https:\/\/tedbernhardtzgroup.com\/atworkcollectionshop\/wp-json\/wp\/v2\/media?parent=73706"}],"wp:term":[{"taxonomy":"product_cat","embeddable":true,"href":"https:\/\/tedbernhardtzgroup.com\/atworkcollectionshop\/wp-json\/wp\/v2\/product_cat?post=73706"},{"taxonomy":"product_tag","embeddable":true,"href":"https:\/\/tedbernhardtzgroup.com\/atworkcollectionshop\/wp-json\/wp\/v2\/product_tag?post=73706"}],"curies":[{"name":"wp","href":"https:\/\/api.w.org\/{rel}","templated":true}]}}