{"id":73658,"date":"2025-09-09T10:25:45","date_gmt":"2025-09-09T10:25:45","guid":{"rendered":"https:\/\/tedbernhardtzgroup.com\/atworkcollectionshop\/product\/product\/"},"modified":"2026-04-15T03:15:02","modified_gmt":"2026-04-15T03:15:02","slug":"t-shirt-heavy-graphic-pro-herr-wrangler-workwear-8600033da-8600033da-8600033da-8600033da-8600033da-8600033da-8600033da-8600033da-8600033da-8600033da","status":"publish","type":"product","link":"https:\/\/tedbernhardtzgroup.com\/atworkcollectionshop\/se\/produkt\/t-shirt-heavy-graphic-pro-herr-wrangler-workwear-8600033da-8600033da-8600033da-8600033da-8600033da-8600033da-8600033da-8600033da-8600033da-8600033da\/","title":{"rendered":"T-shirt heavy graphic Pro Herr Wrangler Workwear"},"content":{"rendered":"<p><b>Den h\u00e4r t-shirten i sann heritage-design, \u00e4r tillverkad f\u00f6r att klara arbetsdagens krav- med en perfekt balans mellan komfort och slitstyrka.<\/b><\/p>\r\n<p>Tillverkad i ett mjuk och h\u00e5llbart material i 100% ekologisk certifierad bomull (OCS), ger den en behaglig k\u00e4nsla mot huden samtidigt som den t\u00e5l daglig anv\u00e4ndning och upprepade tv\u00e4ttar. Med sin kraftiga 300 g\/m2-kvalitet har tyget en stabil och modern look som passar b\u00e5de som lager-1 under kyligare dagar till v\u00e4rmande plagg, och som enskilt plagg under varmare dagar.\u00a0<\/p>\r\n<p>T-shirten \u00e4r designad med en bekv\u00e4m passform f\u00f6r smidigare r\u00f6relsefrihet, en br\u00f6stficka med en v\u00e4vd Wrangler Workwear logo-etikett samt ribbstickad mudd i halsen. P\u00e5 insidan vid nacken \u00e4r det ett mjukt band fastsytt f\u00f6r att skydda huden mot skav ifr\u00e5n s\u00f6mmar.\u00a0<\/p>\r\n<p>Resultatet \u00e4r en ansvarsfullt producerad t-shirt som kombinerar komfort, h\u00e5llbarhet och funktion \u2013 framtagen f\u00f6r ett aktivt arbetsliv.<\/p>","protected":false},"excerpt":{"rendered":"Den h\u00e4r t-shirten i sann heritage-design, \u00e4r tillverkad f\u00f6r att klara arbetsdagens krav- med en perfekt balans mellan komfort och slitstyrka. Tillverkad i ett mjuk och h\u00e5llbart material i 100% ekologisk certifierad bomull (OCS), ger den en behaglig k\u00e4nsla mot huden samtidigt som den t\u00e5l daglig anv\u00e4ndning och upprepade tv\u00e4ttar. Med sin kraftiga 300 g\/m2-kvalitet&#8230;","protected":false},"featured_media":79141,"template":"","meta":[],"product_cat":[35375,35162],"product_tag":[],"acf":[],"lang":"se","translations":{"se":73658,"en":73657},"pll_sync_post":[],"_links":{"self":[{"href":"https:\/\/tedbernhardtzgroup.com\/atworkcollectionshop\/wp-json\/wp\/v2\/product\/73658"}],"collection":[{"href":"https:\/\/tedbernhardtzgroup.com\/atworkcollectionshop\/wp-json\/wp\/v2\/product"}],"about":[{"href":"https:\/\/tedbernhardtzgroup.com\/atworkcollectionshop\/wp-json\/wp\/v2\/types\/product"}],"wp:featuredmedia":[{"embeddable":true,"href":"https:\/\/tedbernhardtzgroup.com\/atworkcollectionshop\/wp-json\/wp\/v2\/media\/79141"}],"wp:attachment":[{"href":"https:\/\/tedbernhardtzgroup.com\/atworkcollectionshop\/wp-json\/wp\/v2\/media?parent=73658"}],"wp:term":[{"taxonomy":"product_cat","embeddable":true,"href":"https:\/\/tedbernhardtzgroup.com\/atworkcollectionshop\/wp-json\/wp\/v2\/product_cat?post=73658"},{"taxonomy":"product_tag","embeddable":true,"href":"https:\/\/tedbernhardtzgroup.com\/atworkcollectionshop\/wp-json\/wp\/v2\/product_tag?post=73658"}],"curies":[{"name":"wp","href":"https:\/\/api.w.org\/{rel}","templated":true}]}}