{"id":73530,"date":"2025-09-09T10:24:33","date_gmt":"2025-09-09T10:24:33","guid":{"rendered":"https:\/\/tedbernhardtzgroup.com\/atworkcollectionshop\/product\/product\/"},"modified":"2026-04-15T03:14:59","modified_gmt":"2026-04-15T03:14:59","slug":"sweatshirt-med-huva-classic-herr-wrangler-workwear-8600020da-8600020da-8600020da-8600020da-8600020da-8600020da-8600020da-8600020da-8600020da-8600020da","status":"publish","type":"product","link":"https:\/\/tedbernhardtzgroup.com\/atworkcollectionshop\/se\/produkt\/sweatshirt-med-huva-classic-herr-wrangler-workwear-8600020da-8600020da-8600020da-8600020da-8600020da-8600020da-8600020da-8600020da-8600020da-8600020da\/","title":{"rendered":"Sweatshirt med huva Classic Herr Wrangler Workwear"},"content":{"rendered":"<p><strong>Den h\u00e4r sweatshirt-tr\u00f6jan med huva fr\u00e5n Wrangler Workwear \u00e4r en modern tolkning av ett klassiskt plagg \u2013 designad f\u00f6r komfort, slitstyrka och stil i arbetslivet.<\/strong><br \/>Tillverkad i ett mjukt sweatshirtmaterial med en borstad fleece- insida som b\u00e5de h\u00e5ller kvar v\u00e4rmen och andas, med en utsida som t\u00e5l daglig anv\u00e4ndning. Tr\u00f6jan har en dubbellagerhuva med justerbar dragsko och metall\u00f6ljetter, ribbstickade muddar och en k\u00e4nguruficka med f\u00f6rst\u00e4rkta \u00f6ppningar f\u00f6r \u00f6kad h\u00e5llbarhet framtill.<\/p>\r\n<p>Den genomarbetade passformen g\u00f6r att sweatshirttr\u00f6jan med huva sitter bekv\u00e4mt under hela arbetsdagen, och fungerar lika bra till vardags.<\/p>\r\n<p>Ett ansvarsfullt producerat plagg som kombinerar funktion, komfort och stil \u2013 framtagen f\u00f6r ett aktivt arbetsliv.<br \/><br \/>En produkt med \u00e5tervunnet certifierade fibrer \u00e4r ett ansvarsfullt val f\u00f6r dig som s\u00f6ker funktion, komfort och h\u00e5llbarhet \u2013 s\u00e4song efter s\u00e4song.<\/p>","protected":false},"excerpt":{"rendered":"Den h\u00e4r sweatshirt-tr\u00f6jan med huva fr\u00e5n Wrangler Workwear \u00e4r en modern tolkning av ett klassiskt plagg \u2013 designad f\u00f6r komfort, slitstyrka och stil i arbetslivet.Tillverkad i ett mjukt sweatshirtmaterial med en borstad fleece- insida som b\u00e5de h\u00e5ller kvar v\u00e4rmen och andas, med en utsida som t\u00e5l daglig anv\u00e4ndning. Tr\u00f6jan har en dubbellagerhuva med justerbar dragsko&#8230;","protected":false},"featured_media":79093,"template":"","meta":[],"product_cat":[35365,35162,6189],"product_tag":[],"acf":[],"lang":"se","translations":{"se":73530,"en":73529},"pll_sync_post":[],"_links":{"self":[{"href":"https:\/\/tedbernhardtzgroup.com\/atworkcollectionshop\/wp-json\/wp\/v2\/product\/73530"}],"collection":[{"href":"https:\/\/tedbernhardtzgroup.com\/atworkcollectionshop\/wp-json\/wp\/v2\/product"}],"about":[{"href":"https:\/\/tedbernhardtzgroup.com\/atworkcollectionshop\/wp-json\/wp\/v2\/types\/product"}],"wp:featuredmedia":[{"embeddable":true,"href":"https:\/\/tedbernhardtzgroup.com\/atworkcollectionshop\/wp-json\/wp\/v2\/media\/79093"}],"wp:attachment":[{"href":"https:\/\/tedbernhardtzgroup.com\/atworkcollectionshop\/wp-json\/wp\/v2\/media?parent=73530"}],"wp:term":[{"taxonomy":"product_cat","embeddable":true,"href":"https:\/\/tedbernhardtzgroup.com\/atworkcollectionshop\/wp-json\/wp\/v2\/product_cat?post=73530"},{"taxonomy":"product_tag","embeddable":true,"href":"https:\/\/tedbernhardtzgroup.com\/atworkcollectionshop\/wp-json\/wp\/v2\/product_tag?post=73530"}],"curies":[{"name":"wp","href":"https:\/\/api.w.org\/{rel}","templated":true}]}}