{"id":73402,"date":"2025-09-09T10:23:19","date_gmt":"2025-09-09T10:23:19","guid":{"rendered":"https:\/\/tedbernhardtzgroup.com\/atworkcollectionshop\/product\/product\/"},"modified":"2026-04-15T03:14:56","modified_gmt":"2026-04-15T03:14:56","slug":"vindtat-fleecejacka-pro-herr-wrangler-workwear-8600015da-8600015da-8600015da-8600015da-8600015da-8600015da-8600015da-8600015da-8600015da","status":"publish","type":"product","link":"https:\/\/tedbernhardtzgroup.com\/atworkcollectionshop\/se\/produkt\/vindtat-fleecejacka-pro-herr-wrangler-workwear-8600015da-8600015da-8600015da-8600015da-8600015da-8600015da-8600015da-8600015da-8600015da\/","title":{"rendered":"Vindt\u00e4t fleecejacka Pro Herr Wrangler Workwear"},"content":{"rendered":"<p><strong>Den h\u00e4r bluesign\u00ae-certifierade vindt\u00e4ta fleecejackan i Polartec\u00ae Wind Pro fr\u00e5n Wrangler Workwear \u00e4r ett v\u00e4rmande mellanlager som \u00e4r utvecklad f\u00f6r att ge v\u00e4rme, slitstyrka och r\u00f6relsefrihet under aktiva arbetsdagar.<br \/><\/strong><br \/>Jackan \u00e4r tillverkad i Polartec\u00ae Wind Pro-fleece med h\u00f6g vindt\u00e4thet och v\u00e4rmeisolering. De snabbtorkande egenskaperna hos Polartec\u00ae Fleece f\u00f6rhindrar att fukt byggs upp och s\u00e4kerst\u00e4ller j\u00e4mn v\u00e4rme \u00e4ven i fuktiga f\u00f6rh\u00e5llanden. F\u00f6rst\u00e4rkta paneler i t\u00e5lig 4-v\u00e4gsstretch p\u00e5 \u00e4rmar ger \u00f6kad h\u00e5llbarhet och flexibilitet, vilket g\u00f6r plagget l\u00e4mpligt f\u00f6r b\u00e5de arbete och aktivitet i utomhusmilj\u00f6er.<\/p>\r\n<p>Designen \u00e4r ergonomisk med f\u00f6rb\u00f6jda \u00e4rmar och justerbar nederkant med elastisk dragsko f\u00f6r optimal passform. Jackan har tv\u00e5v\u00e4gsdragkedja framtill samt br\u00f6stficka och handfickor med dragkedja.<\/p>\r\n<p>En produkt som\u00a0\u00e4r bluesign\u00ae-certifierad och inneb\u00e4r att den uppfyller h\u00f6ga krav p\u00e5 milj\u00f6 och h\u00e4lsa genom hela tillverkningskedjan.\u00a0<\/p>","protected":false},"excerpt":{"rendered":"Den h\u00e4r bluesign\u00ae-certifierade vindt\u00e4ta fleecejackan i Polartec\u00ae Wind Pro fr\u00e5n Wrangler Workwear \u00e4r ett v\u00e4rmande mellanlager som \u00e4r utvecklad f\u00f6r att ge v\u00e4rme, slitstyrka och r\u00f6relsefrihet under aktiva arbetsdagar.Jackan \u00e4r tillverkad i Polartec\u00ae Wind Pro-fleece med h\u00f6g vindt\u00e4thet och v\u00e4rmeisolering. De snabbtorkande egenskaperna hos Polartec\u00ae Fleece f\u00f6rhindrar att fukt byggs upp och s\u00e4kerst\u00e4ller j\u00e4mn v\u00e4rme&#8230;","protected":false},"featured_media":79044,"template":"","meta":[],"product_cat":[35369,35162,6189],"product_tag":[],"acf":[],"lang":"se","translations":{"se":73402,"en":73401},"pll_sync_post":[],"_links":{"self":[{"href":"https:\/\/tedbernhardtzgroup.com\/atworkcollectionshop\/wp-json\/wp\/v2\/product\/73402"}],"collection":[{"href":"https:\/\/tedbernhardtzgroup.com\/atworkcollectionshop\/wp-json\/wp\/v2\/product"}],"about":[{"href":"https:\/\/tedbernhardtzgroup.com\/atworkcollectionshop\/wp-json\/wp\/v2\/types\/product"}],"wp:featuredmedia":[{"embeddable":true,"href":"https:\/\/tedbernhardtzgroup.com\/atworkcollectionshop\/wp-json\/wp\/v2\/media\/79044"}],"wp:attachment":[{"href":"https:\/\/tedbernhardtzgroup.com\/atworkcollectionshop\/wp-json\/wp\/v2\/media?parent=73402"}],"wp:term":[{"taxonomy":"product_cat","embeddable":true,"href":"https:\/\/tedbernhardtzgroup.com\/atworkcollectionshop\/wp-json\/wp\/v2\/product_cat?post=73402"},{"taxonomy":"product_tag","embeddable":true,"href":"https:\/\/tedbernhardtzgroup.com\/atworkcollectionshop\/wp-json\/wp\/v2\/product_tag?post=73402"}],"curies":[{"name":"wp","href":"https:\/\/api.w.org\/{rel}","templated":true}]}}