{"id":73386,"date":"2025-09-09T10:23:10","date_gmt":"2025-09-09T10:23:10","guid":{"rendered":"https:\/\/tedbernhardtzgroup.com\/atworkcollectionshop\/product\/product\/"},"modified":"2026-04-09T03:16:56","modified_gmt":"2026-04-09T03:16:56","slug":"fleecejacka-med-luva-herr-wrangler-workwear-8600013da-8600013da-8600013da-8600013da-8600013da-8600013da-8600013da-8600013da-8600013da-8600013da","status":"publish","type":"product","link":"https:\/\/tedbernhardtzgroup.com\/atworkcollectionshop\/se\/produkt\/fleecejacka-med-luva-herr-wrangler-workwear-8600013da-8600013da-8600013da-8600013da-8600013da-8600013da-8600013da-8600013da-8600013da-8600013da\/","title":{"rendered":"Fleecejacka med luva Herr Wrangler Workwear"},"content":{"rendered":"<p><strong>Den h\u00e4r tekniska fleecejackan i Polartec\u00ae 200 med huva fr\u00e5n Wrangler Workwear \u00e4r ett v\u00e4rmande mellanlager med slitstarkt tyg och komfort i fokus.<\/strong><br \/>Tillverkad i mjuk Polartec\u00ae 200 Series fleece, en medeltjock fleece som \u00e4r idealisk f\u00f6r m\u00e5ngsidigt skydd i kallt v\u00e4der. De snabbtorkande egenskaperna hos Polartec\u00ae Fleece f\u00f6rhindrar att fukt byggs upp och s\u00e4kerst\u00e4ller j\u00e4mn v\u00e4rme \u00e4ven i fuktiga f\u00f6rh\u00e5llanden<\/p>\r\n<p>Fleecejackan har en tv\u00e5v\u00e4gsdragkedja framtill, dolda sidfickor med dragkedja och en huva i dubbla lager f\u00f6r extra v\u00e4rme. Flatlock-s\u00f6mmar ger en sl\u00e4t och slitstark finish som minskar risken f\u00f6r skav, medan elastisk bandkant vid \u00e4rm- och kroppsslut bidrar till komfort och formstabilitet. Med ergonomiskt b\u00f6jda \u00e4rmar g\u00f6r passformen plagget till ett p\u00e5litligt val f\u00f6r b\u00e5de arbete och vardag.<\/p>\r\n<p>En produkt med \u00e5tervunnet certifierade fibrer \u00e4r ett ansvarsfullt val f\u00f6r dig som s\u00f6ker funktion, komfort och h\u00e5llbarhet \u2013 s\u00e4song efter s\u00e4song.<br \/><br \/><\/p>","protected":false},"excerpt":{"rendered":"Den h\u00e4r tekniska fleecejackan i Polartec\u00ae 200 med huva fr\u00e5n Wrangler Workwear \u00e4r ett v\u00e4rmande mellanlager med slitstarkt tyg och komfort i fokus.Tillverkad i mjuk Polartec\u00ae 200 Series fleece, en medeltjock fleece som \u00e4r idealisk f\u00f6r m\u00e5ngsidigt skydd i kallt v\u00e4der. De snabbtorkande egenskaperna hos Polartec\u00ae Fleece f\u00f6rhindrar att fukt byggs upp och s\u00e4kerst\u00e4ller j\u00e4mn&#8230;","protected":false},"featured_media":79038,"template":"","meta":[],"product_cat":[35369,35162,6189],"product_tag":[],"acf":[],"lang":"se","translations":{"se":73386,"en":73385},"pll_sync_post":[],"_links":{"self":[{"href":"https:\/\/tedbernhardtzgroup.com\/atworkcollectionshop\/wp-json\/wp\/v2\/product\/73386"}],"collection":[{"href":"https:\/\/tedbernhardtzgroup.com\/atworkcollectionshop\/wp-json\/wp\/v2\/product"}],"about":[{"href":"https:\/\/tedbernhardtzgroup.com\/atworkcollectionshop\/wp-json\/wp\/v2\/types\/product"}],"wp:featuredmedia":[{"embeddable":true,"href":"https:\/\/tedbernhardtzgroup.com\/atworkcollectionshop\/wp-json\/wp\/v2\/media\/79038"}],"wp:attachment":[{"href":"https:\/\/tedbernhardtzgroup.com\/atworkcollectionshop\/wp-json\/wp\/v2\/media?parent=73386"}],"wp:term":[{"taxonomy":"product_cat","embeddable":true,"href":"https:\/\/tedbernhardtzgroup.com\/atworkcollectionshop\/wp-json\/wp\/v2\/product_cat?post=73386"},{"taxonomy":"product_tag","embeddable":true,"href":"https:\/\/tedbernhardtzgroup.com\/atworkcollectionshop\/wp-json\/wp\/v2\/product_tag?post=73386"}],"curies":[{"name":"wp","href":"https:\/\/api.w.org\/{rel}","templated":true}]}}