{"id":73322,"date":"2025-09-09T10:22:35","date_gmt":"2025-09-09T10:22:35","guid":{"rendered":"https:\/\/tedbernhardtzgroup.com\/atworkcollectionshop\/product\/product\/"},"modified":"2026-04-15T03:14:54","modified_gmt":"2026-04-15T03:14:54","slug":"lattviktsvast-pro-herr-wrangler-workwear-8600010da-8600010da-8600010da-8600010da-8600010da-8600010da-8600010da","status":"publish","type":"product","link":"https:\/\/tedbernhardtzgroup.com\/atworkcollectionshop\/se\/produkt\/lattviktsvast-pro-herr-wrangler-workwear-8600010da-8600010da-8600010da-8600010da-8600010da-8600010da-8600010da\/","title":{"rendered":"L\u00e4ttviktsv\u00e4st Pro Herr Wrangler Workwear"},"content":{"rendered":"<p><strong>Den h\u00e4r funktionella bluesign\u00ae-certifierade v\u00e4sten i \u00e5tervunnen certifierad polyamid (GRS) fr\u00e5n Wrangler Workwear \u00e4r utvecklad f\u00f6r att ge v\u00e4rme och r\u00f6relsefrihet under kr\u00e4vande arbetsdagar.<\/strong><\/p>\r\n<p>V\u00e4sten \u00e4r l\u00e4ttisolerad och tillverkad i ett mjukt och slitstarkt ripstoptyg i \u00e5tervunnen certifierad polyamid (GRS) med smuts-och vattenavvisande finish, vilket g\u00f6r den till ett p\u00e5litligt val f\u00f6r arbete i varierande v\u00e4derf\u00f6rh\u00e5llanden. Den \u00e4r fodrad med PrimaLoft\u00ae Silver som ger effektiv v\u00e4rme med dunliknande k\u00e4nsla utan att tynga ner, och har tejpade s\u00f6mmar som skyddar mot v\u00e4ta.<\/p>\r\n<p>Designen \u00e4r framtagen med fokus p\u00e5 komfort och funktion med en justerbar nederkant med dragsko som ger god r\u00f6relsefrihet och individuell passform. Reflexdetalj framtill bidrar till \u00f6kad synlighet vid arbete utomhus. V\u00e4sten har en tv\u00e5v\u00e4gsdragkedja, rymliga handfickor med dragkedja och en praktisk innerficka f\u00f6r s\u00e4ker f\u00f6rvaring av mindre f\u00f6rem\u00e5l.<\/p>\r\n<p>En produkt som \u00e4r bluesign\u00ae-certifierad och inneh\u00e5ller \u00e5tervunna certiferade fibrer uppfyller h\u00f6ga krav p\u00e5 milj\u00f6 och h\u00e4lsa genom hela tillverkningskedjan \u2013 ett ansvarsfullt val f\u00f6r ett aktivt arbetsliv.<\/p>","protected":false},"excerpt":{"rendered":"Den h\u00e4r funktionella bluesign\u00ae-certifierade v\u00e4sten i \u00e5tervunnen certifierad polyamid (GRS) fr\u00e5n Wrangler Workwear \u00e4r utvecklad f\u00f6r att ge v\u00e4rme och r\u00f6relsefrihet under kr\u00e4vande arbetsdagar. V\u00e4sten \u00e4r l\u00e4ttisolerad och tillverkad i ett mjukt och slitstarkt ripstoptyg i \u00e5tervunnen certifierad polyamid (GRS) med smuts-och vattenavvisande finish, vilket g\u00f6r den till ett p\u00e5litligt val f\u00f6r arbete i varierande&#8230;","protected":false},"featured_media":79026,"template":"","meta":[],"product_cat":[35162,2635],"product_tag":[],"acf":[],"lang":"se","translations":{"se":73322,"en":73321},"pll_sync_post":[],"_links":{"self":[{"href":"https:\/\/tedbernhardtzgroup.com\/atworkcollectionshop\/wp-json\/wp\/v2\/product\/73322"}],"collection":[{"href":"https:\/\/tedbernhardtzgroup.com\/atworkcollectionshop\/wp-json\/wp\/v2\/product"}],"about":[{"href":"https:\/\/tedbernhardtzgroup.com\/atworkcollectionshop\/wp-json\/wp\/v2\/types\/product"}],"wp:featuredmedia":[{"embeddable":true,"href":"https:\/\/tedbernhardtzgroup.com\/atworkcollectionshop\/wp-json\/wp\/v2\/media\/79026"}],"wp:attachment":[{"href":"https:\/\/tedbernhardtzgroup.com\/atworkcollectionshop\/wp-json\/wp\/v2\/media?parent=73322"}],"wp:term":[{"taxonomy":"product_cat","embeddable":true,"href":"https:\/\/tedbernhardtzgroup.com\/atworkcollectionshop\/wp-json\/wp\/v2\/product_cat?post=73322"},{"taxonomy":"product_tag","embeddable":true,"href":"https:\/\/tedbernhardtzgroup.com\/atworkcollectionshop\/wp-json\/wp\/v2\/product_tag?post=73322"}],"curies":[{"name":"wp","href":"https:\/\/api.w.org\/{rel}","templated":true}]}}