{"id":73306,"date":"2025-09-09T10:22:26","date_gmt":"2025-09-09T10:22:26","guid":{"rendered":"https:\/\/tedbernhardtzgroup.com\/atworkcollectionshop\/product\/product\/"},"modified":"2026-04-15T03:14:54","modified_gmt":"2026-04-15T03:14:54","slug":"softshelljacka-hybrid-herr-wrangler-workwear-8600009di-8600009di-8600009di-8600009di-8600009di-8600009di-8600009di-8600009di-8600009di-8600009di","status":"publish","type":"product","link":"https:\/\/tedbernhardtzgroup.com\/atworkcollectionshop\/se\/produkt\/softshelljacka-hybrid-herr-wrangler-workwear-8600009di-8600009di-8600009di-8600009di-8600009di-8600009di-8600009di-8600009di-8600009di-8600009di\/","title":{"rendered":"Softshelljacka hybrid Herr Wrangler Workwear"},"content":{"rendered":"<p><strong>Den h\u00e4r hybridjackan fr\u00e5n Wrangler Workwear kombinerar quiltade paneler med softshell f\u00f6r att ge v\u00e4rme, flexibilitet och komfort under varierande arbetsf\u00f6rh\u00e5llanden.<\/strong><br \/>Jackan \u00e4r tillverkad i vind- och vattenavvisande material och har l\u00e4tt vaddering i kropp och \u00e4rmar. Softshell-delarna har en mjuk fleeceinsida som ger extra komfort och v\u00e4rme. Konstruktionen med f\u00f6rb\u00f6jda \u00e4rmar och justerbar nederkant med dragsko ger en ergonomisk passform som f\u00f6ljer kroppens r\u00f6relser.<\/p>\r\n<p>Tv\u00e5v\u00e4gsdragkedja framtill, dolda sidfickor och en innerbr\u00f6stficka med zip g\u00f6r jackan praktisk och funktionell. Reflexdetaljer p\u00e5 logoplacering och nedre h\u00f6ger sida bidrar till \u00f6kad synlighet vid arbete utomhus.<\/p>\r\n<p>En produkt med \u00e5tervunnet certifierade fibrer \u00e4r ett ansvarsfullt val f\u00f6r dig som s\u00f6ker funktion, komfort och h\u00e5llbarhet \u2013 s\u00e4song efter s\u00e4song.<\/p>","protected":false},"excerpt":{"rendered":"Den h\u00e4r hybridjackan fr\u00e5n Wrangler Workwear kombinerar quiltade paneler med softshell f\u00f6r att ge v\u00e4rme, flexibilitet och komfort under varierande arbetsf\u00f6rh\u00e5llanden.Jackan \u00e4r tillverkad i vind- och vattenavvisande material och har l\u00e4tt vaddering i kropp och \u00e4rmar. Softshell-delarna har en mjuk fleeceinsida som ger extra komfort och v\u00e4rme. Konstruktionen med f\u00f6rb\u00f6jda \u00e4rmar och justerbar nederkant med&#8230;","protected":false},"featured_media":79020,"template":"","meta":[],"product_cat":[35162,2635],"product_tag":[],"acf":[],"lang":"se","translations":{"se":73306,"en":73305},"pll_sync_post":[],"_links":{"self":[{"href":"https:\/\/tedbernhardtzgroup.com\/atworkcollectionshop\/wp-json\/wp\/v2\/product\/73306"}],"collection":[{"href":"https:\/\/tedbernhardtzgroup.com\/atworkcollectionshop\/wp-json\/wp\/v2\/product"}],"about":[{"href":"https:\/\/tedbernhardtzgroup.com\/atworkcollectionshop\/wp-json\/wp\/v2\/types\/product"}],"wp:featuredmedia":[{"embeddable":true,"href":"https:\/\/tedbernhardtzgroup.com\/atworkcollectionshop\/wp-json\/wp\/v2\/media\/79020"}],"wp:attachment":[{"href":"https:\/\/tedbernhardtzgroup.com\/atworkcollectionshop\/wp-json\/wp\/v2\/media?parent=73306"}],"wp:term":[{"taxonomy":"product_cat","embeddable":true,"href":"https:\/\/tedbernhardtzgroup.com\/atworkcollectionshop\/wp-json\/wp\/v2\/product_cat?post=73306"},{"taxonomy":"product_tag","embeddable":true,"href":"https:\/\/tedbernhardtzgroup.com\/atworkcollectionshop\/wp-json\/wp\/v2\/product_tag?post=73306"}],"curies":[{"name":"wp","href":"https:\/\/api.w.org\/{rel}","templated":true}]}}