{"id":73258,"date":"2025-09-09T10:22:00","date_gmt":"2025-09-09T10:22:00","guid":{"rendered":"https:\/\/tedbernhardtzgroup.com\/atworkcollectionshop\/product\/product\/"},"modified":"2026-04-15T03:14:53","modified_gmt":"2026-04-15T03:14:53","slug":"softshelljacka-pro-herr-wrangler-workwear-8600007da-8600007da-8600007da-8600007da-8600007da-8600007da-8600007da-8600007da-8600007da","status":"publish","type":"product","link":"https:\/\/tedbernhardtzgroup.com\/atworkcollectionshop\/se\/produkt\/softshelljacka-pro-herr-wrangler-workwear-8600007da-8600007da-8600007da-8600007da-8600007da-8600007da-8600007da-8600007da-8600007da\/","title":{"rendered":"Softshelljacka Pro Herr Wrangler Workwear"},"content":{"rendered":"<p><b>Den h\u00e4r funktionella bluesign\u00ae-certifierade jackan i Polartec\u00ae softshell-fleece ifr\u00e5n Wrangler Workwear \u00e4r ett h\u00f6gpresterande plagg som ger optimal v\u00e4rme och funktion.\u00a0<\/b><\/p>\r\n<p data-start=\"252\" data-end=\"569\">Polartec\u00ae Hardface\u2122 kombinerar mjuk v\u00e4rmande fleece med imponerande slitstyrka, det h\u00e4r \u00e4r fleecen som klarar tuffa f\u00f6rh\u00e5llanden utan att tumma p\u00e5 komforten. Den borstade insidan h\u00e5ller kvar v\u00e4rmen och k\u00e4nns sk\u00f6nt mot huden, medan den t\u00e5liga Hardface\u2122-teknologin skyddar utsidan mot n\u00f6tning, revor och slitage. Tyget andas effektivt och transporterar bort fukt, s\u00e5 du h\u00e5ller dig torr \u00e4ven under arbete och aktivitet. Den vattenavvisande ytan st\u00e5r emot l\u00e4tt regn och sn\u00f6 vilket g\u00f6r plagget perfekt b\u00e5de till vardags och under aktiva arbetsdagar utomhus. Ett v\u00e4rmande, slitstarkt och p\u00e5litligt plagg \u2013 s\u00e4song efter s\u00e4song.<\/p>\r\n<p data-start=\"450\" data-end=\"850\">Jackan \u00e4r designad med f\u00f6rb\u00f6jda \u00e4rmar f\u00f6r smidigare r\u00f6relsefrihet, reflexer p\u00e5 \u00f6vre \u00e4rmdel samt reflex-logo f\u00f6r synlighet i m\u00f6rker. Den l\u00e4ngre bakdelen ger extra skydd mot vind, och med dragsko i nederkant kan passformen enkelt anpassas. Flera praktiska fickor g\u00f6r det l\u00e4tt att h\u00e5lla ordning p\u00e5 dina saker, medan de justerbara \u00e4rmsluten bidrar till \u00f6kad bekv\u00e4mlighet.<\/p>\r\n<p data-start=\"852\" data-end=\"1028\"><span class=\"TextRun MacChromeBold SCXW244038496 BCX0\" data-contrast=\"auto\"><span class=\"NormalTextRun SCXW244038496 BCX0\">En p<\/span><span class=\"NormalTextRun SCXW244038496 BCX0\">rodukt som<\/span><\/span><span class=\"TextRun MacChromeBold SCXW244038496 BCX0\" data-contrast=\"auto\"><span class=\"NormalTextRun SCXW244038496 BCX0\">\u00a0\u00e4r\u00a0<\/span><span class=\"NormalTextRun SpellingErrorV2Themed SCXW244038496 BCX0\">bluesign<\/span><span class=\"NormalTextRun SCXW244038496 BCX0\">\u00ae-certifiera<\/span><span class=\"NormalTextRun SCXW244038496 BCX0\">d <\/span><span class=\"NormalTextRun SCXW244038496 BCX0\">inneb\u00e4r att den uppfyller h\u00f6ga krav p\u00e5 milj\u00f6 och h\u00e4lsa genom hela tillverkningskedjan.<\/span><\/span><span class=\"LineBreakBlob BlobObject DragDrop SCXW244038496 BCX0\"><span class=\"SCXW244038496 BCX0\">\u00a0<\/span><\/span><\/p>","protected":false},"excerpt":{"rendered":"Den h\u00e4r funktionella bluesign\u00ae-certifierade jackan i Polartec\u00ae softshell-fleece ifr\u00e5n Wrangler Workwear \u00e4r ett h\u00f6gpresterande plagg som ger optimal v\u00e4rme och funktion.\u00a0 Polartec\u00ae Hardface\u2122 kombinerar mjuk v\u00e4rmande fleece med imponerande slitstyrka, det h\u00e4r \u00e4r fleecen som klarar tuffa f\u00f6rh\u00e5llanden utan att tumma p\u00e5 komforten. Den borstade insidan h\u00e5ller kvar v\u00e4rmen och k\u00e4nns sk\u00f6nt mot huden, medan&#8230;","protected":false},"featured_media":78999,"template":"","meta":[],"product_cat":[35162,2635],"product_tag":[],"acf":[],"lang":"se","translations":{"se":73258,"en":73257},"pll_sync_post":[],"_links":{"self":[{"href":"https:\/\/tedbernhardtzgroup.com\/atworkcollectionshop\/wp-json\/wp\/v2\/product\/73258"}],"collection":[{"href":"https:\/\/tedbernhardtzgroup.com\/atworkcollectionshop\/wp-json\/wp\/v2\/product"}],"about":[{"href":"https:\/\/tedbernhardtzgroup.com\/atworkcollectionshop\/wp-json\/wp\/v2\/types\/product"}],"wp:featuredmedia":[{"embeddable":true,"href":"https:\/\/tedbernhardtzgroup.com\/atworkcollectionshop\/wp-json\/wp\/v2\/media\/78999"}],"wp:attachment":[{"href":"https:\/\/tedbernhardtzgroup.com\/atworkcollectionshop\/wp-json\/wp\/v2\/media?parent=73258"}],"wp:term":[{"taxonomy":"product_cat","embeddable":true,"href":"https:\/\/tedbernhardtzgroup.com\/atworkcollectionshop\/wp-json\/wp\/v2\/product_cat?post=73258"},{"taxonomy":"product_tag","embeddable":true,"href":"https:\/\/tedbernhardtzgroup.com\/atworkcollectionshop\/wp-json\/wp\/v2\/product_tag?post=73258"}],"curies":[{"name":"wp","href":"https:\/\/api.w.org\/{rel}","templated":true}]}}