{"id":68978,"date":"2023-10-26T07:10:24","date_gmt":"2023-10-26T07:10:24","guid":{"rendered":"https:\/\/tedbernhardtzgroup.com\/atworkcollectionshop\/product\/product\/"},"modified":"2026-04-10T03:15:17","modified_gmt":"2026-04-10T03:15:17","slug":"worker-chino-herr-mod-paul-svart-5010080","status":"publish","type":"product","link":"https:\/\/tedbernhardtzgroup.com\/atworkcollectionshop\/se\/produkt\/worker-chino-herr-mod-paul-svart-5010080\/","title":{"rendered":"Men&#8217;s worker chino herr Paul, svart"},"content":{"rendered":"<p>Paul \u00e4r en workerchino i svart bomullsmix fr\u00e5n Ted Bernhardtz At Work. Chinon har en smal, bekv\u00e4m passform och modern look i en funktionell twill i bomullsmix, passande f\u00f6r inomhusbruk. Byxan har en metallknapp och\u00a0tv\u00e5 sidofickor framtill och dubbelpasspoalerade fickor bak.<\/p>\r\n<p>B\u00e4r byxan med pik\u00e9tr\u00f6jan Marc f\u00f6r en komplett look.<\/p>","protected":false},"excerpt":{"rendered":"Paul \u00e4r en workerchino i svart bomullsmix fr\u00e5n Ted Bernhardtz At Work. Chinon har en smal, bekv\u00e4m passform och modern look i en funktionell twill i bomullsmix, passande f\u00f6r inomhusbruk. Byxan har en metallknapp och\u00a0tv\u00e5 sidofickor framtill och dubbelpasspoalerade fickor bak. B\u00e4r byxan med pik\u00e9tr\u00f6jan Marc f\u00f6r en komplett look.","protected":false},"featured_media":66840,"template":"","meta":[],"product_cat":[30546,7076,3870,6678,6680],"product_tag":[],"acf":[],"lang":"se","translations":{"se":68978,"en":68977},"pll_sync_post":[],"_links":{"self":[{"href":"https:\/\/tedbernhardtzgroup.com\/atworkcollectionshop\/wp-json\/wp\/v2\/product\/68978"}],"collection":[{"href":"https:\/\/tedbernhardtzgroup.com\/atworkcollectionshop\/wp-json\/wp\/v2\/product"}],"about":[{"href":"https:\/\/tedbernhardtzgroup.com\/atworkcollectionshop\/wp-json\/wp\/v2\/types\/product"}],"wp:featuredmedia":[{"embeddable":true,"href":"https:\/\/tedbernhardtzgroup.com\/atworkcollectionshop\/wp-json\/wp\/v2\/media\/66840"}],"wp:attachment":[{"href":"https:\/\/tedbernhardtzgroup.com\/atworkcollectionshop\/wp-json\/wp\/v2\/media?parent=68978"}],"wp:term":[{"taxonomy":"product_cat","embeddable":true,"href":"https:\/\/tedbernhardtzgroup.com\/atworkcollectionshop\/wp-json\/wp\/v2\/product_cat?post=68978"},{"taxonomy":"product_tag","embeddable":true,"href":"https:\/\/tedbernhardtzgroup.com\/atworkcollectionshop\/wp-json\/wp\/v2\/product_tag?post=68978"}],"curies":[{"name":"wp","href":"https:\/\/api.w.org\/{rel}","templated":true}]}}