{"id":66056,"date":"2023-03-15T09:10:06","date_gmt":"2023-03-15T09:10:06","guid":{"rendered":"https:\/\/tedbernhardtzgroup.com\/atworkcollectionshop\/product\/product\/"},"modified":"2026-04-09T20:45:03","modified_gmt":"2026-04-09T20:45:03","slug":"serviceshorts-herr-joel-501131220","status":"publish","type":"product","link":"https:\/\/tedbernhardtzgroup.com\/atworkcollectionshop\/se\/produkt\/serviceshorts-herr-joel-501131220\/","title":{"rendered":"Unisex Serviceshorts"},"content":{"rendered":"<p>Joel \u00e4r ett par serviceshorts med benfickor i bomullsmix fr\u00e5n Ted Bernhardtz At Work. Shortsen har en normal passform i slitstark twill perfekt f\u00f6r inomhusbruk. Shortsen har en metallknapp framtill, D-ring i linningen p\u00e5 h\u00f6ger sida och ok bak f\u00f6r b\u00e4ttre passform. Shortsen har tv\u00e5 sidofickor fram, en integrerad benficka med dragkedja p\u00e5 v\u00e4nster sida, b\u00e5de integrerad benficka och pennficka p\u00e5 h\u00f6ger sida samt tv\u00e5 fickor med lock och kardborrekn\u00e4ppning i oket bak.<\/p>\r\n<p>B\u00e4r Shortsen med stickad cardigan med dragkedja John f\u00f6r en komplett look.<\/p>","protected":false},"excerpt":{"rendered":"Joel \u00e4r ett par serviceshorts med benfickor i bomullsmix fr\u00e5n Ted Bernhardtz At Work. Shortsen har en normal passform i slitstark twill perfekt f\u00f6r inomhusbruk. Shortsen har en metallknapp framtill, D-ring i linningen p\u00e5 h\u00f6ger sida och ok bak f\u00f6r b\u00e4ttre passform. Shortsen har tv\u00e5 sidofickor fram, en integrerad benficka med dragkedja p\u00e5 v\u00e4nster sida,&#8230;","protected":false},"featured_media":78584,"template":"","meta":[],"product_cat":[30546,6379],"product_tag":[],"acf":[],"lang":"se","translations":{"se":66056,"en":66055},"pll_sync_post":[],"_links":{"self":[{"href":"https:\/\/tedbernhardtzgroup.com\/atworkcollectionshop\/wp-json\/wp\/v2\/product\/66056"}],"collection":[{"href":"https:\/\/tedbernhardtzgroup.com\/atworkcollectionshop\/wp-json\/wp\/v2\/product"}],"about":[{"href":"https:\/\/tedbernhardtzgroup.com\/atworkcollectionshop\/wp-json\/wp\/v2\/types\/product"}],"wp:featuredmedia":[{"embeddable":true,"href":"https:\/\/tedbernhardtzgroup.com\/atworkcollectionshop\/wp-json\/wp\/v2\/media\/78584"}],"wp:attachment":[{"href":"https:\/\/tedbernhardtzgroup.com\/atworkcollectionshop\/wp-json\/wp\/v2\/media?parent=66056"}],"wp:term":[{"taxonomy":"product_cat","embeddable":true,"href":"https:\/\/tedbernhardtzgroup.com\/atworkcollectionshop\/wp-json\/wp\/v2\/product_cat?post=66056"},{"taxonomy":"product_tag","embeddable":true,"href":"https:\/\/tedbernhardtzgroup.com\/atworkcollectionshop\/wp-json\/wp\/v2\/product_tag?post=66056"}],"curies":[{"name":"wp","href":"https:\/\/api.w.org\/{rel}","templated":true}]}}