{"id":58200,"date":"2021-10-28T20:11:55","date_gmt":"2021-10-28T20:11:55","guid":{"rendered":"https:\/\/tedbernhardtzgroup.com\/atworkcollectionshop\/product\/product-14\/"},"modified":"2026-04-03T03:14:12","modified_gmt":"2026-04-03T03:14:12","slug":"skjorta-herr-steven-lang-arm-501120010","status":"publish","type":"product","link":"https:\/\/tedbernhardtzgroup.com\/atworkcollectionshop\/se\/produkt\/skjorta-herr-steven-lang-arm-501120010\/","title":{"rendered":"Skjorta herr Steven, l\u00e5ng \u00e4rm"},"content":{"rendered":"<p>Steven \u00e4r en l\u00e5ng\u00e4rmad skjorta i bomull\/polyesterblandning fr\u00e5n Ted Bernhardtz At Work. Skjortan har en normal klassisk passform i en l\u00e4ttstruken poplinkvalit\u00e9. Skjortan har en klassisk spetsig krage, synlig knappsl\u00e5 framtill och \u00e4r rakt skuren nertill. Skjortan har tv\u00e5 br\u00f6stfickor med pennficka p\u00e5 v\u00e4nster sida och manschetter med tv\u00e5 knappar.\u00a0<\/p>","protected":false},"excerpt":{"rendered":"Steven \u00e4r en l\u00e5ng\u00e4rmad skjorta i bomull\/polyesterblandning fr\u00e5n Ted Bernhardtz At Work. Skjortan har en normal klassisk passform i en l\u00e4ttstruken poplinkvalit\u00e9. Skjortan har en klassisk spetsig krage, synlig knappsl\u00e5 framtill och \u00e4r rakt skuren nertill. Skjortan har tv\u00e5 br\u00f6stfickor med pennficka p\u00e5 v\u00e4nster sida och manschetter med tv\u00e5 knappar.\u00a0","protected":false},"featured_media":65276,"template":"","meta":[],"product_cat":[2661,2674],"product_tag":[],"acf":[],"lang":"se","translations":{"se":58200,"en":58199},"pll_sync_post":[],"_links":{"self":[{"href":"https:\/\/tedbernhardtzgroup.com\/atworkcollectionshop\/wp-json\/wp\/v2\/product\/58200"}],"collection":[{"href":"https:\/\/tedbernhardtzgroup.com\/atworkcollectionshop\/wp-json\/wp\/v2\/product"}],"about":[{"href":"https:\/\/tedbernhardtzgroup.com\/atworkcollectionshop\/wp-json\/wp\/v2\/types\/product"}],"wp:featuredmedia":[{"embeddable":true,"href":"https:\/\/tedbernhardtzgroup.com\/atworkcollectionshop\/wp-json\/wp\/v2\/media\/65276"}],"wp:attachment":[{"href":"https:\/\/tedbernhardtzgroup.com\/atworkcollectionshop\/wp-json\/wp\/v2\/media?parent=58200"}],"wp:term":[{"taxonomy":"product_cat","embeddable":true,"href":"https:\/\/tedbernhardtzgroup.com\/atworkcollectionshop\/wp-json\/wp\/v2\/product_cat?post=58200"},{"taxonomy":"product_tag","embeddable":true,"href":"https:\/\/tedbernhardtzgroup.com\/atworkcollectionshop\/wp-json\/wp\/v2\/product_tag?post=58200"}],"curies":[{"name":"wp","href":"https:\/\/api.w.org\/{rel}","templated":true}]}}