{"id":54825,"date":"2019-06-12T08:22:31","date_gmt":"2019-06-12T08:22:31","guid":{"rendered":"https:\/\/tedbernhardtzgroup.com\/atworkcollectionshop\/product\/product\/"},"modified":"2026-04-04T03:12:06","modified_gmt":"2026-04-04T03:12:06","slug":"kavaj-dam-maria-dubbelknappt-501101764","status":"publish","type":"product","link":"https:\/\/tedbernhardtzgroup.com\/atworkcollectionshop\/se\/produkt\/kavaj-dam-maria-dubbelknappt-501101764\/","title":{"rendered":"Kavaj dam Maria, dubbelkn\u00e4ppt"},"content":{"rendered":"<p>Maria \u00e4r en regular fit dubbelkn\u00e4ppt kavaj i m\u00f6rk marinbl\u00e5 ullmix Comfort med stretch fr\u00e5n Ted Bernhardtz At Work. Kavajen har en normal passform och klassisk look med spetsiga slag och twillstruktur i tyget. Kavajen har sex metallknappar framtill varav den kn\u00e4pps med fyra knappar. Kavajen har tv\u00e5 passpoalerade fickor med lock fram och en br\u00f6stficka. Kavajen har en helfodrad insida med tv\u00e5 innerfickor.<\/p>\r\n<p>Matcha g\u00e4rna med byxan Petra regular fit Comfort i m\u00f6rk marin f\u00f6r en hel kostym.<\/p>\r\n<p class=\"p1\">Denna artikel kan ers\u00e4ttas med nytt artikelnummer och uppdaterad passform.<\/p>","protected":false},"excerpt":{"rendered":"Maria \u00e4r en regular fit dubbelkn\u00e4ppt kavaj i m\u00f6rk marinbl\u00e5 ullmix Comfort med stretch fr\u00e5n Ted Bernhardtz At Work. Kavajen har en normal passform och klassisk look med spetsiga slag och twillstruktur i tyget. Kavajen har sex metallknappar framtill varav den kn\u00e4pps med fyra knappar. Kavajen har tv\u00e5 passpoalerade fickor med lock fram och en&#8230;","protected":false},"featured_media":65989,"template":"","meta":[],"product_cat":[3769,5012,3636,4203,3922],"product_tag":[],"acf":[],"lang":"se","translations":{"se":54825,"en":49743},"pll_sync_post":[],"_links":{"self":[{"href":"https:\/\/tedbernhardtzgroup.com\/atworkcollectionshop\/wp-json\/wp\/v2\/product\/54825"}],"collection":[{"href":"https:\/\/tedbernhardtzgroup.com\/atworkcollectionshop\/wp-json\/wp\/v2\/product"}],"about":[{"href":"https:\/\/tedbernhardtzgroup.com\/atworkcollectionshop\/wp-json\/wp\/v2\/types\/product"}],"wp:featuredmedia":[{"embeddable":true,"href":"https:\/\/tedbernhardtzgroup.com\/atworkcollectionshop\/wp-json\/wp\/v2\/media\/65989"}],"wp:attachment":[{"href":"https:\/\/tedbernhardtzgroup.com\/atworkcollectionshop\/wp-json\/wp\/v2\/media?parent=54825"}],"wp:term":[{"taxonomy":"product_cat","embeddable":true,"href":"https:\/\/tedbernhardtzgroup.com\/atworkcollectionshop\/wp-json\/wp\/v2\/product_cat?post=54825"},{"taxonomy":"product_tag","embeddable":true,"href":"https:\/\/tedbernhardtzgroup.com\/atworkcollectionshop\/wp-json\/wp\/v2\/product_tag?post=54825"}],"curies":[{"name":"wp","href":"https:\/\/api.w.org\/{rel}","templated":true}]}}