{"id":53301,"date":"2019-04-30T09:59:23","date_gmt":"2019-04-30T09:59:23","guid":{"rendered":"https:\/\/tedbernhardtzgroup.com\/atworkcollectionshop\/?post_type=product&#038;p=53301"},"modified":"2026-04-05T03:12:51","modified_gmt":"2026-04-05T03:12:51","slug":"cardigan-herr-mathias-501005320","status":"publish","type":"product","link":"https:\/\/tedbernhardtzgroup.com\/atworkcollectionshop\/se\/produkt\/cardigan-herr-mathias-501005320\/","title":{"rendered":"Cardigan herr Mathias"},"content":{"rendered":"<p>Mathias \u00e4r en marinbl\u00e5 sl\u00e4tstickad cardigan fr\u00e5n Ted Bernhardtz At Work. V\u00e5r cardigan har en normal passform och modern look i ett bomull\/akrylgarn. V\u00e5r cardigan \u00e4r fully fashion-stickad med knappar fram och ribb i \u00e4rmslut och nederkant.<\/p>\r\n<p>F\u00f6r en komplett look b\u00e4r du denna cardigan tillsammans med chinon Lucas eller som ett v\u00e4rmande lager under en kavaj fr\u00e5n Ted Bernhardtz At Work.<\/p>","protected":false},"excerpt":{"rendered":"Mathias \u00e4r en marinbl\u00e5 sl\u00e4tstickad cardigan fr\u00e5n Ted Bernhardtz At Work. V\u00e5r cardigan har en normal passform och modern look i ett bomull\/akrylgarn. V\u00e5r cardigan \u00e4r fully fashion-stickad med knappar fram och ribb i \u00e4rmslut och nederkant. F\u00f6r en komplett look b\u00e4r du denna cardigan tillsammans med chinon Lucas eller som ett v\u00e4rmande lager under&#8230;","protected":false},"featured_media":53745,"template":"","meta":[],"product_cat":[30546,7076,6189,7081,6206],"product_tag":[],"acf":[],"lang":"se","translations":{"se":53301,"en":48390},"pll_sync_post":[],"_links":{"self":[{"href":"https:\/\/tedbernhardtzgroup.com\/atworkcollectionshop\/wp-json\/wp\/v2\/product\/53301"}],"collection":[{"href":"https:\/\/tedbernhardtzgroup.com\/atworkcollectionshop\/wp-json\/wp\/v2\/product"}],"about":[{"href":"https:\/\/tedbernhardtzgroup.com\/atworkcollectionshop\/wp-json\/wp\/v2\/types\/product"}],"wp:featuredmedia":[{"embeddable":true,"href":"https:\/\/tedbernhardtzgroup.com\/atworkcollectionshop\/wp-json\/wp\/v2\/media\/53745"}],"wp:attachment":[{"href":"https:\/\/tedbernhardtzgroup.com\/atworkcollectionshop\/wp-json\/wp\/v2\/media?parent=53301"}],"wp:term":[{"taxonomy":"product_cat","embeddable":true,"href":"https:\/\/tedbernhardtzgroup.com\/atworkcollectionshop\/wp-json\/wp\/v2\/product_cat?post=53301"},{"taxonomy":"product_tag","embeddable":true,"href":"https:\/\/tedbernhardtzgroup.com\/atworkcollectionshop\/wp-json\/wp\/v2\/product_tag?post=53301"}],"curies":[{"name":"wp","href":"https:\/\/api.w.org\/{rel}","templated":true}]}}