{"id":53243,"date":"2019-04-30T09:56:52","date_gmt":"2019-04-30T09:56:52","guid":{"rendered":"https:\/\/tedbernhardtzgroup.com\/atworkcollectionshop\/?post_type=product&#038;p=53243"},"modified":"2026-04-15T03:13:02","modified_gmt":"2026-04-15T03:13:02","slug":"worker-chinos-herr-paul-5010075","status":"publish","type":"product","link":"https:\/\/tedbernhardtzgroup.com\/atworkcollectionshop\/se\/produkt\/worker-chinos-herr-paul-5010075\/","title":{"rendered":"Worker chinos herr Paul, marinbl\u00e5"},"content":{"rendered":"<p>Paul \u00e4r en workerchino i marinbl\u00e5 bomullsmix fr\u00e5n Ted Bernhardtz At Work. Chinon har en smal, bekv\u00e4m passform och modern look i en funktionell twill i bomullsmix, passande f\u00f6r inomhusbruk. Byxan har en metallknapp och\u00a0tv\u00e5 sidofickor framtill och dubbelpasspoalerade fickor bak.<\/p>\r\n<p>B\u00e4r byxan med pik\u00e9tr\u00f6jan Marc f\u00f6r en komplett look.<\/p>\r\n<p class=\"p1\">Denna artikel kan ers\u00e4ttas med nytt artikelnummer och till\u00e4gg res\u00e5rl\u00f6sning i midjan.<\/p>","protected":false},"excerpt":{"rendered":"Paul \u00e4r en workerchino i marinbl\u00e5 bomullsmix fr\u00e5n Ted Bernhardtz At Work. Chinon har en smal, bekv\u00e4m passform och modern look i en funktionell twill i bomullsmix, passande f\u00f6r inomhusbruk. Byxan har en metallknapp och\u00a0tv\u00e5 sidofickor framtill och dubbelpasspoalerade fickor bak. B\u00e4r byxan med pik\u00e9tr\u00f6jan Marc f\u00f6r en komplett look. Denna artikel kan ers\u00e4ttas med&#8230;","protected":false},"featured_media":53906,"template":"","meta":[],"product_cat":[30546,7076,3870,6678,6680],"product_tag":[],"acf":[],"lang":"se","translations":{"se":53243,"en":48594},"pll_sync_post":[],"_links":{"self":[{"href":"https:\/\/tedbernhardtzgroup.com\/atworkcollectionshop\/wp-json\/wp\/v2\/product\/53243"}],"collection":[{"href":"https:\/\/tedbernhardtzgroup.com\/atworkcollectionshop\/wp-json\/wp\/v2\/product"}],"about":[{"href":"https:\/\/tedbernhardtzgroup.com\/atworkcollectionshop\/wp-json\/wp\/v2\/types\/product"}],"wp:featuredmedia":[{"embeddable":true,"href":"https:\/\/tedbernhardtzgroup.com\/atworkcollectionshop\/wp-json\/wp\/v2\/media\/53906"}],"wp:attachment":[{"href":"https:\/\/tedbernhardtzgroup.com\/atworkcollectionshop\/wp-json\/wp\/v2\/media?parent=53243"}],"wp:term":[{"taxonomy":"product_cat","embeddable":true,"href":"https:\/\/tedbernhardtzgroup.com\/atworkcollectionshop\/wp-json\/wp\/v2\/product_cat?post=53243"},{"taxonomy":"product_tag","embeddable":true,"href":"https:\/\/tedbernhardtzgroup.com\/atworkcollectionshop\/wp-json\/wp\/v2\/product_tag?post=53243"}],"curies":[{"name":"wp","href":"https:\/\/api.w.org\/{rel}","templated":true}]}}