{"id":53210,"date":"2019-04-30T09:56:02","date_gmt":"2019-04-30T09:56:02","guid":{"rendered":"https:\/\/tedbernhardtzgroup.com\/atworkcollectionshop\/?post_type=product&#038;p=53210"},"modified":"2026-04-04T03:11:42","modified_gmt":"2026-04-04T03:11:42","slug":"kavaj-herr-adam-501100120","status":"publish","type":"product","link":"https:\/\/tedbernhardtzgroup.com\/atworkcollectionshop\/se\/produkt\/kavaj-herr-adam-501100120\/","title":{"rendered":"Kavaj herr Adam"},"content":{"rendered":"<p>Adam \u00e4r en slim fit kavaj i marinbl\u00e5 ullmix Comfort med stretch som kan maskintv\u00e4ttas, fr\u00e5n Ted Bernhardtz At Work. Kavajen har en smal passform och en klassisk look med twillstruktur i tyget. Kavajen \u00e4r enkelkn\u00e4ppt med tv\u00e5 knappar framtill, slits mitt bak och har tv\u00e5 fickor med lock samt en br\u00f6stficka framtill. Kavajen \u00e4r helfodrad och har en arbetad insida med fyra innerfickor samt pennficka.<\/p>\r\n<p>Matcha g\u00e4rna med byxan Alex slim fit Comfort om du \u00f6nskar en hel kostym.<\/p>","protected":false},"excerpt":{"rendered":"Adam \u00e4r en slim fit kavaj i marinbl\u00e5 ullmix Comfort med stretch som kan maskintv\u00e4ttas, fr\u00e5n Ted Bernhardtz At Work. Kavajen har en smal passform och en klassisk look med twillstruktur i tyget. Kavajen \u00e4r enkelkn\u00e4ppt med tv\u00e5 knappar framtill, slits mitt bak och har tv\u00e5 fickor med lock samt en br\u00f6stficka framtill. Kavajen \u00e4r&#8230;","protected":false},"featured_media":56836,"template":"","meta":[],"product_cat":[3769,5012,3636,4203,3922],"product_tag":[],"acf":[],"lang":"se","translations":{"se":53210,"en":48802},"pll_sync_post":[],"_links":{"self":[{"href":"https:\/\/tedbernhardtzgroup.com\/atworkcollectionshop\/wp-json\/wp\/v2\/product\/53210"}],"collection":[{"href":"https:\/\/tedbernhardtzgroup.com\/atworkcollectionshop\/wp-json\/wp\/v2\/product"}],"about":[{"href":"https:\/\/tedbernhardtzgroup.com\/atworkcollectionshop\/wp-json\/wp\/v2\/types\/product"}],"wp:featuredmedia":[{"embeddable":true,"href":"https:\/\/tedbernhardtzgroup.com\/atworkcollectionshop\/wp-json\/wp\/v2\/media\/56836"}],"wp:attachment":[{"href":"https:\/\/tedbernhardtzgroup.com\/atworkcollectionshop\/wp-json\/wp\/v2\/media?parent=53210"}],"wp:term":[{"taxonomy":"product_cat","embeddable":true,"href":"https:\/\/tedbernhardtzgroup.com\/atworkcollectionshop\/wp-json\/wp\/v2\/product_cat?post=53210"},{"taxonomy":"product_tag","embeddable":true,"href":"https:\/\/tedbernhardtzgroup.com\/atworkcollectionshop\/wp-json\/wp\/v2\/product_tag?post=53210"}],"curies":[{"name":"wp","href":"https:\/\/api.w.org\/{rel}","templated":true}]}}