{"id":51604,"date":"2019-04-30T09:29:14","date_gmt":"2019-04-30T09:29:14","guid":{"rendered":"https:\/\/tedbernhardtzgroup.com\/atworkcollectionshop\/?post_type=product&#038;p=51604"},"modified":"2026-04-26T14:20:05","modified_gmt":"2026-04-26T14:20:05","slug":"skjorta-dam-sofia-kort-arm-501121000","status":"publish","type":"product","link":"https:\/\/tedbernhardtzgroup.com\/atworkcollectionshop\/se\/produkt\/skjorta-dam-sofia-kort-arm-501121000\/","title":{"rendered":"Skjorta dam Sofia, kort \u00e4rm"},"content":{"rendered":"<p>Sofia \u00e4r en kort\u00e4rmad skjorta i vit bomull\/polyesterblandning fr\u00e5n Ted Bernhardtz At Work. Skjortan har en normal klassisk passform i en l\u00e4ttstruken poplinkvalit\u00e9. Skjortan har en klassisk spetsig krage, synlig knappsl\u00e5 framtill och \u00e4r rakt skuren nertill. Skjortan har tv\u00e5 br\u00f6stfickor varav en med pennficka p\u00e5 v\u00e4nster sida.<\/p>","protected":false},"excerpt":{"rendered":"Sofia \u00e4r en kort\u00e4rmad skjorta i vit bomull\/polyesterblandning fr\u00e5n Ted Bernhardtz At Work. Skjortan har en normal klassisk passform i en l\u00e4ttstruken poplinkvalit\u00e9. Skjortan har en klassisk spetsig krage, synlig knappsl\u00e5 framtill och \u00e4r rakt skuren nertill. Skjortan har tv\u00e5 br\u00f6stfickor varav en med pennficka p\u00e5 v\u00e4nster sida.","protected":false},"featured_media":56505,"template":"","meta":[],"product_cat":[2661,3199,3242],"product_tag":[],"acf":[],"lang":"se","translations":{"se":51604,"en":50747},"pll_sync_post":[],"_links":{"self":[{"href":"https:\/\/tedbernhardtzgroup.com\/atworkcollectionshop\/wp-json\/wp\/v2\/product\/51604"}],"collection":[{"href":"https:\/\/tedbernhardtzgroup.com\/atworkcollectionshop\/wp-json\/wp\/v2\/product"}],"about":[{"href":"https:\/\/tedbernhardtzgroup.com\/atworkcollectionshop\/wp-json\/wp\/v2\/types\/product"}],"wp:featuredmedia":[{"embeddable":true,"href":"https:\/\/tedbernhardtzgroup.com\/atworkcollectionshop\/wp-json\/wp\/v2\/media\/56505"}],"wp:attachment":[{"href":"https:\/\/tedbernhardtzgroup.com\/atworkcollectionshop\/wp-json\/wp\/v2\/media?parent=51604"}],"wp:term":[{"taxonomy":"product_cat","embeddable":true,"href":"https:\/\/tedbernhardtzgroup.com\/atworkcollectionshop\/wp-json\/wp\/v2\/product_cat?post=51604"},{"taxonomy":"product_tag","embeddable":true,"href":"https:\/\/tedbernhardtzgroup.com\/atworkcollectionshop\/wp-json\/wp\/v2\/product_tag?post=51604"}],"curies":[{"name":"wp","href":"https:\/\/api.w.org\/{rel}","templated":true}]}}