{"id":51511,"date":"2019-04-30T09:27:49","date_gmt":"2019-04-30T09:27:49","guid":{"rendered":"https:\/\/tedbernhardtzgroup.com\/atworkcollectionshop\/?post_type=product&#038;p=51511"},"modified":"2026-04-03T03:14:23","modified_gmt":"2026-04-03T03:14:23","slug":"skjorta-herr-max-lang-arm-501125116","status":"publish","type":"product","link":"https:\/\/tedbernhardtzgroup.com\/atworkcollectionshop\/se\/produkt\/skjorta-herr-max-lang-arm-501125116\/","title":{"rendered":"Skjorta herr Max, l\u00e5ng \u00e4rm"},"content":{"rendered":"<p>Max \u00e4r en l\u00e5ng\u00e4rmad denimskjorta i en bomullsmix fr\u00e5n Ted Bernhardtz At Work. Skjortan har en smal passform och tv\u00e4ttad look i en bomull\/polyesterblandning. Skjortan har en button down-krage, synlig knappsl\u00e5 framtill och \u00e4r runt skuren nertill. Skjortan har en br\u00f6stficka p\u00e5 v\u00e4nster sida, manschett med tv\u00e5 knappar och ett extra knapph\u00e5l f\u00f6r manschettknapp.<\/p>\r\n<p class=\"p1\">Utg\u00e5ende artikel<\/p>","protected":false},"excerpt":{"rendered":"Max \u00e4r en l\u00e5ng\u00e4rmad denimskjorta i en bomullsmix fr\u00e5n Ted Bernhardtz At Work. Skjortan har en smal passform och tv\u00e4ttad look i en bomull\/polyesterblandning. Skjortan har en button down-krage, synlig knappsl\u00e5 framtill och \u00e4r runt skuren nertill. Skjortan har en br\u00f6stficka p\u00e5 v\u00e4nster sida, manschett med tv\u00e5 knappar och ett extra knapph\u00e5l f\u00f6r manschettknapp. Utg\u00e5ende&#8230;","protected":false},"featured_media":78641,"template":"","meta":[],"product_cat":[7076,2661,2674,2687],"product_tag":[],"acf":[],"lang":"se","translations":{"se":51511,"en":50898},"pll_sync_post":[],"_links":{"self":[{"href":"https:\/\/tedbernhardtzgroup.com\/atworkcollectionshop\/wp-json\/wp\/v2\/product\/51511"}],"collection":[{"href":"https:\/\/tedbernhardtzgroup.com\/atworkcollectionshop\/wp-json\/wp\/v2\/product"}],"about":[{"href":"https:\/\/tedbernhardtzgroup.com\/atworkcollectionshop\/wp-json\/wp\/v2\/types\/product"}],"wp:featuredmedia":[{"embeddable":true,"href":"https:\/\/tedbernhardtzgroup.com\/atworkcollectionshop\/wp-json\/wp\/v2\/media\/78641"}],"wp:attachment":[{"href":"https:\/\/tedbernhardtzgroup.com\/atworkcollectionshop\/wp-json\/wp\/v2\/media?parent=51511"}],"wp:term":[{"taxonomy":"product_cat","embeddable":true,"href":"https:\/\/tedbernhardtzgroup.com\/atworkcollectionshop\/wp-json\/wp\/v2\/product_cat?post=51511"},{"taxonomy":"product_tag","embeddable":true,"href":"https:\/\/tedbernhardtzgroup.com\/atworkcollectionshop\/wp-json\/wp\/v2\/product_tag?post=51511"}],"curies":[{"name":"wp","href":"https:\/\/api.w.org\/{rel}","templated":true}]}}