{"id":51501,"date":"2019-04-30T09:27:23","date_gmt":"2019-04-30T09:27:23","guid":{"rendered":"https:\/\/tedbernhardtzgroup.com\/atworkcollectionshop\/?post_type=product&#038;p=51501"},"modified":"2026-04-15T03:14:17","modified_gmt":"2026-04-15T03:14:17","slug":"skjorta-dam-tina-lang-arm-501125316","status":"publish","type":"product","link":"https:\/\/tedbernhardtzgroup.com\/atworkcollectionshop\/se\/produkt\/skjorta-dam-tina-lang-arm-501125316\/","title":{"rendered":"Skjorta dam Tina, l\u00e5ng \u00e4rm"},"content":{"rendered":"<p>Tina \u00e4r en l\u00e5ng\u00e4rmad denimskjorta i en bomullsmix fr\u00e5n Ted Bernhardtz At Work. Skjortan har en smal passform och tv\u00e4ttad look i en bomull\/polyesterblandning. Skjortan har en modern spetsig krage och\u00a0synlig knappsl\u00e5 framtill. Skjortan \u00e4r runt skuren nertill och har manschett med tv\u00e5 knappar.<\/p>\r\n<p class=\"p1\">Utg\u00e5ende artikel<\/p>","protected":false},"excerpt":{"rendered":"Tina \u00e4r en l\u00e5ng\u00e4rmad denimskjorta i en bomullsmix fr\u00e5n Ted Bernhardtz At Work. Skjortan har en smal passform och tv\u00e4ttad look i en bomull\/polyesterblandning. Skjortan har en modern spetsig krage och\u00a0synlig knappsl\u00e5 framtill. Skjortan \u00e4r runt skuren nertill och har manschett med tv\u00e5 knappar. Utg\u00e5ende artikel","protected":false},"featured_media":56515,"template":"","meta":[],"product_cat":[7076,2661,2674,2735],"product_tag":[],"acf":[],"lang":"se","translations":{"se":51501,"en":50925},"pll_sync_post":[],"_links":{"self":[{"href":"https:\/\/tedbernhardtzgroup.com\/atworkcollectionshop\/wp-json\/wp\/v2\/product\/51501"}],"collection":[{"href":"https:\/\/tedbernhardtzgroup.com\/atworkcollectionshop\/wp-json\/wp\/v2\/product"}],"about":[{"href":"https:\/\/tedbernhardtzgroup.com\/atworkcollectionshop\/wp-json\/wp\/v2\/types\/product"}],"wp:featuredmedia":[{"embeddable":true,"href":"https:\/\/tedbernhardtzgroup.com\/atworkcollectionshop\/wp-json\/wp\/v2\/media\/56515"}],"wp:attachment":[{"href":"https:\/\/tedbernhardtzgroup.com\/atworkcollectionshop\/wp-json\/wp\/v2\/media?parent=51501"}],"wp:term":[{"taxonomy":"product_cat","embeddable":true,"href":"https:\/\/tedbernhardtzgroup.com\/atworkcollectionshop\/wp-json\/wp\/v2\/product_cat?post=51501"},{"taxonomy":"product_tag","embeddable":true,"href":"https:\/\/tedbernhardtzgroup.com\/atworkcollectionshop\/wp-json\/wp\/v2\/product_tag?post=51501"}],"curies":[{"name":"wp","href":"https:\/\/api.w.org\/{rel}","templated":true}]}}